{"id":471,"date":"2022-06-05T22:15:06","date_gmt":"2022-06-05T22:15:06","guid":{"rendered":"https:\/\/suzanclinvacinas.com.br\/?page_id=471"},"modified":"2022-10-21T11:01:00","modified_gmt":"2022-10-21T11:01:00","slug":"febre-tifoide","status":"publish","type":"page","link":"https:\/\/suzanclinvacinas.com.br\/index.php\/febre-tifoide\/","title":{"rendered":"Febre Tifoide"},"content":{"rendered":"\t\t<div data-elementor-type=\"wp-page\" data-elementor-id=\"471\" class=\"elementor elementor-471\" data-elementor-settings=\"{&quot;ha_cmc_init_switcher&quot;:&quot;no&quot;}\" data-elementor-post-type=\"page\">\n\t\t\t\t\t\t<section class=\"elementor-section elementor-top-section elementor-element elementor-element-abbfe28 elementor-section-height-min-height elementor-section-boxed elementor-section-height-default elementor-section-items-middle\" data-id=\"abbfe28\" data-element_type=\"section\" data-e-type=\"section\" data-settings=\"{&quot;background_background&quot;:&quot;classic&quot;,&quot;_ha_eqh_enable&quot;:false}\">\n\t\t\t\t\t\t\t<div class=\"elementor-background-overlay\"><\/div>\n\t\t\t\t\t\t\t<div class=\"elementor-container elementor-column-gap-default\">\n\t\t\t\t\t<div class=\"elementor-column elementor-col-100 elementor-top-column elementor-element elementor-element-ca3d2d8\" data-id=\"ca3d2d8\" data-element_type=\"column\" data-e-type=\"column\">\n\t\t\t<div class=\"elementor-widget-wrap elementor-element-populated\">\n\t\t\t\t\t\t<div class=\"elementor-element elementor-element-ec55891 elementor-widget elementor-widget-heading\" data-id=\"ec55891\" data-element_type=\"widget\" data-e-type=\"widget\" data-widget_type=\"heading.default\">\n\t\t\t\t<div class=\"elementor-widget-container\">\n\t\t\t\t\t<h2 class=\"elementor-heading-title elementor-size-default\">Vacina Febre Tifoide<\/h2>\t\t\t\t<\/div>\n\t\t\t\t<\/div>\n\t\t\t\t\t<\/div>\n\t\t<\/div>\n\t\t\t\t\t<\/div>\n\t\t<\/section>\n\t\t\t\t<section class=\"elementor-section elementor-top-section elementor-element elementor-element-cb33d6a elementor-section-boxed elementor-section-height-default elementor-section-height-default\" data-id=\"cb33d6a\" data-element_type=\"section\" data-e-type=\"section\" data-settings=\"{&quot;_ha_eqh_enable&quot;:false}\">\n\t\t\t\t\t\t<div class=\"elementor-container elementor-column-gap-default\">\n\t\t\t\t\t<div class=\"elementor-column elementor-col-50 elementor-top-column elementor-element elementor-element-51fdf1e\" data-id=\"51fdf1e\" data-element_type=\"column\" data-e-type=\"column\">\n\t\t\t<div class=\"elementor-widget-wrap elementor-element-populated\">\n\t\t\t\t\t\t<div class=\"elementor-element elementor-element-553b51d elementor-widget elementor-widget-heading\" data-id=\"553b51d\" data-element_type=\"widget\" data-e-type=\"widget\" data-widget_type=\"heading.default\">\n\t\t\t\t<div class=\"elementor-widget-container\">\n\t\t\t\t\t<h2 class=\"elementor-heading-title elementor-size-default\">Conhe\u00e7a todos os detalhes da Vacina Febre Tifoide:\n\n<\/h2>\t\t\t\t<\/div>\n\t\t\t\t<\/div>\n\t\t\t\t\t<\/div>\n\t\t<\/div>\n\t\t\t\t<div class=\"elementor-column elementor-col-50 elementor-top-column elementor-element elementor-element-e85f5f1\" data-id=\"e85f5f1\" data-element_type=\"column\" data-e-type=\"column\">\n\t\t\t<div class=\"elementor-widget-wrap elementor-element-populated\">\n\t\t\t\t\t\t<div class=\"elementor-element elementor-element-5237e11 elementor-view-framed ha-advanced-tooltip-enable elementor-shape-circle ha-advanced-tooltip-top elementor-widget elementor-widget-icon\" data-id=\"5237e11\" data-element_type=\"widget\" data-e-type=\"widget\" data-settings=\"{&quot;ha_advanced_tooltip_enable&quot;:&quot;enable&quot;,&quot;ha_advanced_tooltip_content&quot;:&quot;Bula da Vacina&quot;,&quot;ha_advanced_tooltip_position&quot;:&quot;top&quot;,&quot;ha_advanced_tooltip_duration&quot;:1000,&quot;ha_advanced_tooltip_arrow&quot;:&quot;true&quot;,&quot;ha_advanced_tooltip_trigger&quot;:&quot;hover&quot;}\" data-widget_type=\"icon.default\">\n\t\t\t\t<div class=\"elementor-widget-container\">\n\t\t\t\t\t\t\t<div class=\"elementor-icon-wrapper\">\n\t\t\t<a class=\"elementor-icon\" href=\"https:\/\/suzanclinvacinas.com.br\/wp-content\/uploads\/2022\/10\/Bula-Vacina-febre-Tifoide.pdf\" target=\"_blank\">\n\t\t\t<i aria-hidden=\"true\" class=\"hm hm-file\"><\/i>\t\t\t<\/a>\n\t\t<\/div>\n\t\t\t\t\t\t<\/div>\n\t\t\t\t<\/div>\n\t\t\t\t\t<\/div>\n\t\t<\/div>\n\t\t\t\t\t<\/div>\n\t\t<\/section>\n\t\t\t\t<section class=\"elementor-section elementor-top-section elementor-element elementor-element-25186c7 elementor-section-boxed elementor-section-height-default elementor-section-height-default\" data-id=\"25186c7\" data-element_type=\"section\" data-e-type=\"section\" data-settings=\"{&quot;_ha_eqh_enable&quot;:false}\">\n\t\t\t\t\t\t<div class=\"elementor-container elementor-column-gap-default\">\n\t\t\t\t\t<div class=\"elementor-column elementor-col-100 elementor-top-column elementor-element elementor-element-9a6e9e9\" data-id=\"9a6e9e9\" data-element_type=\"column\" data-e-type=\"column\">\n\t\t\t<div class=\"elementor-widget-wrap elementor-element-populated\">\n\t\t\t\t\t\t<div class=\"elementor-element elementor-element-a50768d elementor-widget elementor-widget-heading\" data-id=\"a50768d\" data-element_type=\"widget\" data-e-type=\"widget\" data-widget_type=\"heading.default\">\n\t\t\t\t<div class=\"elementor-widget-container\">\n\t\t\t\t\t<h2 class=\"elementor-heading-title elementor-size-default\">Vacina indicada para:<\/h2>\t\t\t\t<\/div>\n\t\t\t\t<\/div>\n\t\t\t\t<div data-ha-element-link=\"{&quot;url&quot;:&quot;https:\\\/\\\/suzanclinvacinas.com.br\\\/index.php\\\/vacinas-criancas\\\/&quot;,&quot;is_external&quot;:&quot;&quot;,&quot;nofollow&quot;:&quot;&quot;}\" style=\"cursor: pointer\" class=\"elementor-element elementor-element-2cf3356 elementor-widget__width-auto elementor-widget-mobile__width-inherit elementor-cta--skin-classic elementor-animated-content elementor-bg-transform elementor-bg-transform-zoom-in elementor-widget elementor-widget-call-to-action\" data-id=\"2cf3356\" data-element_type=\"widget\" data-e-type=\"widget\" data-widget_type=\"call-to-action.default\">\n\t\t\t\t<div class=\"elementor-widget-container\">\n\t\t\t\t\t\t\t<div class=\"elementor-cta\">\n\t\t\t\t\t<div class=\"elementor-cta__bg-wrapper\">\n\t\t\t\t<div class=\"elementor-cta__bg elementor-bg\" style=\"background-image: url(https:\/\/suzanclinvacinas.com.br\/wp-content\/uploads\/2022\/10\/portrait-of-a-smiling-little-boy-showing-thumbs-up-scaled.jpg);\" role=\"img\" aria-label=\"Portrait of a smiling little boy showing thumbs up isolated over orange background\"><\/div>\n\t\t\t\t<div class=\"elementor-cta__bg-overlay\"><\/div>\n\t\t\t<\/div>\n\t\t\t\t\t\t\t<div class=\"elementor-cta__content\">\n\t\t\t\t\n\t\t\t\t<h2 class=\"elementor-cta__title elementor-cta__content-item elementor-content-item\">Crian\u00e7as<\/h2>\n\t\t\t\t\t\t\t\t\t<div class=\"elementor-cta__description elementor-cta__content-item elementor-content-item\">\n\t\t\t\t\t\t(0 a 10 anos)\t\t\t\t\t<\/div>\n\t\t\t\t\n\t\t\t\t\t\t\t<\/div>\n\t\t\t\t\t\t<\/div>\n\t\t\t\t\t\t<\/div>\n\t\t\t\t<\/div>\n\t\t\t\t<div data-ha-element-link=\"{&quot;url&quot;:&quot;https:\\\/\\\/suzanclinvacinas.com.br\\\/index.php\\\/vacinas-adolescentes\\\/&quot;,&quot;is_external&quot;:&quot;&quot;,&quot;nofollow&quot;:&quot;&quot;}\" style=\"cursor: pointer\" class=\"elementor-element elementor-element-39d6cbb elementor-cta--valign-middle elementor-widget__width-auto elementor-widget-mobile__width-inherit elementor-cta--skin-classic elementor-animated-content elementor-bg-transform elementor-bg-transform-zoom-in elementor-widget elementor-widget-call-to-action\" data-id=\"39d6cbb\" data-element_type=\"widget\" data-e-type=\"widget\" data-widget_type=\"call-to-action.default\">\n\t\t\t\t<div class=\"elementor-widget-container\">\n\t\t\t\t\t\t\t<div class=\"elementor-cta\">\n\t\t\t\t\t<div class=\"elementor-cta__bg-wrapper\">\n\t\t\t\t<div class=\"elementor-cta__bg elementor-bg\" style=\"background-image: url(https:\/\/suzanclinvacinas.com.br\/wp-content\/uploads\/2022\/10\/young-pretty-female-standing-isolated-over-purple-space-and-smiling-nicely-while-chatting-with-friends-scaled.jpg);\" role=\"img\" aria-label=\"Young pretty female standing isolated over purple background, looking at camera and smiling nicely while chatting with friends, lady with knot and headband.\"><\/div>\n\t\t\t\t<div class=\"elementor-cta__bg-overlay\"><\/div>\n\t\t\t<\/div>\n\t\t\t\t\t\t\t<div class=\"elementor-cta__content\">\n\t\t\t\t\n\t\t\t\t<h2 class=\"elementor-cta__title elementor-cta__content-item elementor-content-item\">Adolescentes<\/h2>\n\t\t\t\t\t\t\t\t\t<div class=\"elementor-cta__description elementor-cta__content-item elementor-content-item\">\n\t\t\t\t\t\t(11 a 19 anos)\t\t\t\t\t<\/div>\n\t\t\t\t\n\t\t\t\t\t\t\t<\/div>\n\t\t\t\t\t\t<\/div>\n\t\t\t\t\t\t<\/div>\n\t\t\t\t<\/div>\n\t\t\t\t<div data-ha-element-link=\"{&quot;url&quot;:&quot;https:\\\/\\\/suzanclinvacinas.com.br\\\/index.php\\\/vacinas-adultos\\\/&quot;,&quot;is_external&quot;:&quot;&quot;,&quot;nofollow&quot;:&quot;&quot;}\" style=\"cursor: pointer\" class=\"elementor-element elementor-element-511a5a7 elementor-cta--valign-middle elementor-widget__width-auto elementor-widget-mobile__width-inherit elementor-cta--skin-classic elementor-animated-content elementor-bg-transform elementor-bg-transform-zoom-in elementor-widget elementor-widget-call-to-action\" data-id=\"511a5a7\" data-element_type=\"widget\" data-e-type=\"widget\" data-widget_type=\"call-to-action.default\">\n\t\t\t\t<div class=\"elementor-widget-container\">\n\t\t\t\t\t\t\t<div class=\"elementor-cta\">\n\t\t\t\t\t<div class=\"elementor-cta__bg-wrapper\">\n\t\t\t\t<div class=\"elementor-cta__bg elementor-bg\" style=\"background-image: url(https:\/\/suzanclinvacinas.com.br\/wp-content\/uploads\/2022\/10\/close-up-of-young-successful-man-smiling-at-camera-standing-in-casual-outfit-against-blue-background-scaled.jpg);\" role=\"img\" aria-label=\"Close-up of young successful man smiling at camera, standing in casual outfit against blue background.\"><\/div>\n\t\t\t\t<div class=\"elementor-cta__bg-overlay\"><\/div>\n\t\t\t<\/div>\n\t\t\t\t\t\t\t<div class=\"elementor-cta__content\">\n\t\t\t\t\n\t\t\t\t<h2 class=\"elementor-cta__title elementor-cta__content-item elementor-content-item\">Adultos<\/h2>\n\t\t\t\t\t\t\t\t\t<div class=\"elementor-cta__description elementor-cta__content-item elementor-content-item\">\n\t\t\t\t\t\t(20 a 59 anos)\t\t\t\t\t<\/div>\n\t\t\t\t\n\t\t\t\t\t\t\t<\/div>\n\t\t\t\t\t\t<\/div>\n\t\t\t\t\t\t<\/div>\n\t\t\t\t<\/div>\n\t\t\t\t\t<\/div>\n\t\t<\/div>\n\t\t\t\t\t<\/div>\n\t\t<\/section>\n\t\t\t\t<section class=\"elementor-section elementor-top-section elementor-element elementor-element-febc36b elementor-section-boxed elementor-section-height-default elementor-section-height-default\" data-id=\"febc36b\" data-element_type=\"section\" data-e-type=\"section\" data-settings=\"{&quot;_ha_eqh_enable&quot;:false}\">\n\t\t\t\t\t\t<div class=\"elementor-container elementor-column-gap-default\">\n\t\t\t\t\t<div class=\"elementor-column elementor-col-100 elementor-top-column elementor-element elementor-element-1133508\" data-id=\"1133508\" data-element_type=\"column\" data-e-type=\"column\">\n\t\t\t<div class=\"elementor-widget-wrap elementor-element-populated\">\n\t\t\t\t\t\t<div class=\"elementor-element elementor-element-2bbcd38 ha-has-bg-overlay elementor-widget elementor-widget-heading\" data-id=\"2bbcd38\" data-element_type=\"widget\" data-e-type=\"widget\" data-widget_type=\"heading.default\">\n\t\t\t\t<div class=\"elementor-widget-container\">\n\t\t\t\t\t<h2 class=\"elementor-heading-title elementor-size-default\">Indica\u00e7\u00f5es:<\/h2>\t\t\t\t<\/div>\n\t\t\t\t<\/div>\n\t\t\t\t<div class=\"elementor-element elementor-element-1982be4 elementor-widget elementor-widget-text-editor\" data-id=\"1982be4\" data-element_type=\"widget\" data-e-type=\"widget\" data-widget_type=\"text-editor.default\">\n\t\t\t\t<div class=\"elementor-widget-container\">\n\t\t\t\t\t\t\t\t\t<p>A vacina \u00e9 indicada para crian\u00e7as a partir de 2 anos de idade, adolescentes e adultos que viajam para \u00e1reas de alta incid\u00eancia da doen\u00e7a, em situa\u00e7\u00f5es espec\u00edficas de longa perman\u00eancia e ap\u00f3s an\u00e1lise m\u00e9dica criteriosa.<\/p><p>Al\u00e9m disso, a vacina deve ser administrada em profissionais que lidam com \u00e1guas contaminadas e dejetos.<\/p>\t\t\t\t\t\t\t\t<\/div>\n\t\t\t\t<\/div>\n\t\t\t\t<div class=\"elementor-element elementor-element-653334a ha-has-bg-overlay elementor-widget elementor-widget-heading\" data-id=\"653334a\" data-element_type=\"widget\" data-e-type=\"widget\" data-widget_type=\"heading.default\">\n\t\t\t\t<div class=\"elementor-widget-container\">\n\t\t\t\t\t<h2 class=\"elementor-heading-title elementor-size-default\">Doses:<\/h2>\t\t\t\t<\/div>\n\t\t\t\t<\/div>\n\t\t\t\t<div class=\"elementor-element elementor-element-69ca582 elementor-widget elementor-widget-text-editor\" data-id=\"69ca582\" data-element_type=\"widget\" data-e-type=\"widget\" data-widget_type=\"text-editor.default\">\n\t\t\t\t<div class=\"elementor-widget-container\">\n\t\t\t\t\t\t\t\t\t<div class=\"vacina-conteudo-conteudo\"><p>Recomenda-se apenas uma dose. A vacina confere prote\u00e7\u00e3o por tr\u00eas anos, de modo que a revacina\u00e7\u00e3o pode ser recomendada ap\u00f3s este per\u00edodo, se o risco de adoecimento persistir ou retornar.<\/p><\/div>\t\t\t\t\t\t\t\t<\/div>\n\t\t\t\t<\/div>\n\t\t\t\t<div class=\"elementor-element elementor-element-c73ab59 ha-has-bg-overlay elementor-widget elementor-widget-heading\" data-id=\"c73ab59\" data-element_type=\"widget\" data-e-type=\"widget\" data-widget_type=\"heading.default\">\n\t\t\t\t<div class=\"elementor-widget-container\">\n\t\t\t\t\t<h2 class=\"elementor-heading-title elementor-size-default\">Contraindica\u00e7\u00f5es:<\/h2>\t\t\t\t<\/div>\n\t\t\t\t<\/div>\n\t\t\t\t<div class=\"elementor-element elementor-element-eae9628 elementor-widget elementor-widget-text-editor\" data-id=\"eae9628\" data-element_type=\"widget\" data-e-type=\"widget\" data-widget_type=\"text-editor.default\">\n\t\t\t\t<div class=\"elementor-widget-container\">\n\t\t\t\t\t\t\t\t\t<div class=\"vacina-conteudo-conteudo\"><p>A vacina Febre Tifoide \u00e9 contraindicada em casos de hipersensibilidade conhecida a qualquer um dos componentes da vacina; em pacientes que estejam com febre no dia da aplica\u00e7\u00e3o, \u00e9 recomendado adiar at\u00e9 o seu restabelecimento.<\/p><p>Durante a gravidez n\u00e3o \u00e9 recomendada habitualmente, mas pode ser administrada somente se necess\u00e1ria e ap\u00f3s avalia\u00e7\u00e3o m\u00e9dica dos riscos e benef\u00edcios.<\/p><p>Durante o per\u00edodo de amamenta\u00e7\u00e3o a administra\u00e7\u00e3o da vacina n\u00e3o \u00e9 recomendada.<\/p><\/div>\t\t\t\t\t\t\t\t<\/div>\n\t\t\t\t<\/div>\n\t\t\t\t<div class=\"elementor-element elementor-element-fa4f19a ha-has-bg-overlay elementor-widget elementor-widget-heading\" data-id=\"fa4f19a\" data-element_type=\"widget\" data-e-type=\"widget\" data-widget_type=\"heading.default\">\n\t\t\t\t<div class=\"elementor-widget-container\">\n\t\t\t\t\t<h2 class=\"elementor-heading-title elementor-size-default\">Rea\u00e7\u00f5es Adversas:<\/h2>\t\t\t\t<\/div>\n\t\t\t\t<\/div>\n\t\t\t\t<div class=\"elementor-element elementor-element-748a02c elementor-widget elementor-widget-text-editor\" data-id=\"748a02c\" data-element_type=\"widget\" data-e-type=\"widget\" data-widget_type=\"text-editor.default\">\n\t\t\t\t<div class=\"elementor-widget-container\">\n\t\t\t\t\t\t\t\t\t<div class=\"vacina-conteudo-conteudo\"><p>A vacina Febre Tifoide causa poucas rea\u00e7\u00f5es, sendo as mais frequentes relacionadas com o local da aplica\u00e7\u00e3o. Entre as mais comuns: dor, vermelhid\u00e3o e incha\u00e7o. Outras poss\u00edveis rea\u00e7\u00f5es s\u00e3o febre, dor de cabe\u00e7a, mal-estar, n\u00e1useas e coceira.<\/p><\/div>\t\t\t\t\t\t\t\t<\/div>\n\t\t\t\t<\/div>\n\t\t\t\t<div class=\"elementor-element elementor-element-6fa4d7a ha-has-bg-overlay elementor-widget elementor-widget-heading\" data-id=\"6fa4d7a\" data-element_type=\"widget\" data-e-type=\"widget\" data-widget_type=\"heading.default\">\n\t\t\t\t<div class=\"elementor-widget-container\">\n\t\t\t\t\t<h2 class=\"elementor-heading-title elementor-size-default\">Do que \u00e9 feita?<\/h2>\t\t\t\t<\/div>\n\t\t\t\t<\/div>\n\t\t\t\t<div class=\"elementor-element elementor-element-464d999 elementor-widget elementor-widget-text-editor\" data-id=\"464d999\" data-element_type=\"widget\" data-e-type=\"widget\" data-widget_type=\"text-editor.default\">\n\t\t\t\t<div class=\"elementor-widget-container\">\n\t\t\t\t\t\t\t\t\t<div class=\"vacina-conteudo-conteudo\"><p>A vacina da febre tifoide \u00e9 composta por polissacar\u00eddeos da c\u00e1psula da bact\u00e9ria (<i>Salmonella typhi<\/i>). Cont\u00e9m tamb\u00e9m fenol, cloreto de s\u00f3dio, fosfato diss\u00f3dico diidratado, fosfato monoss\u00f3dico diidratado e \u00e1gua para inje\u00e7\u00e3o.<\/p><\/div>\t\t\t\t\t\t\t\t<\/div>\n\t\t\t\t<\/div>\n\t\t\t\t\t<\/div>\n\t\t<\/div>\n\t\t\t\t\t<\/div>\n\t\t<\/section>\n\t\t\t\t<\/div>\n\t\t","protected":false},"excerpt":{"rendered":"<p>Vacina Febre Tifoide Conhe\u00e7a todos os detalhes da Vacina Febre Tifoide: Vacina indicada para: Crian\u00e7as (0 a 10 anos) Adolescentes (11 a 19 anos) Adultos (20 a 59 anos) Indica\u00e7\u00f5es: A vacina \u00e9 indicada para crian\u00e7as a partir de 2 anos de idade, adolescentes e adultos que viajam para \u00e1reas de alta incid\u00eancia da doen\u00e7a, &hellip;<\/p>\n<p class=\"read-more\"> <a class=\"\" href=\"https:\/\/suzanclinvacinas.com.br\/index.php\/febre-tifoide\/\"> <span class=\"screen-reader-text\">Febre Tifoide<\/span> Leia mais &raquo;<\/a><\/p>\n","protected":false},"author":1,"featured_media":0,"parent":0,"menu_order":0,"comment_status":"closed","ping_status":"closed","template":"","meta":{"site-sidebar-layout":"no-sidebar","site-content-layout":"page-builder","ast-global-header-display":"","ast-main-header-display":"","ast-hfb-above-header-display":"","ast-hfb-below-header-display":"","ast-hfb-mobile-header-display":"","site-post-title":"disabled","ast-breadcrumbs-content":"","ast-featured-img":"disabled","footer-sml-layout":"","theme-transparent-header-meta":"","adv-header-id-meta":"","stick-header-meta":"","header-above-stick-meta":"","header-main-stick-meta":"","header-below-stick-meta":"","_joinchat":[],"footnotes":""},"class_list":["post-471","page","type-page","status-publish","hentry"],"_links":{"self":[{"href":"https:\/\/suzanclinvacinas.com.br\/index.php\/wp-json\/wp\/v2\/pages\/471","targetHints":{"allow":["GET"]}}],"collection":[{"href":"https:\/\/suzanclinvacinas.com.br\/index.php\/wp-json\/wp\/v2\/pages"}],"about":[{"href":"https:\/\/suzanclinvacinas.com.br\/index.php\/wp-json\/wp\/v2\/types\/page"}],"author":[{"embeddable":true,"href":"https:\/\/suzanclinvacinas.com.br\/index.php\/wp-json\/wp\/v2\/users\/1"}],"replies":[{"embeddable":true,"href":"https:\/\/suzanclinvacinas.com.br\/index.php\/wp-json\/wp\/v2\/comments?post=471"}],"version-history":[{"count":9,"href":"https:\/\/suzanclinvacinas.com.br\/index.php\/wp-json\/wp\/v2\/pages\/471\/revisions"}],"predecessor-version":[{"id":1799,"href":"https:\/\/suzanclinvacinas.com.br\/index.php\/wp-json\/wp\/v2\/pages\/471\/revisions\/1799"}],"wp:attachment":[{"href":"https:\/\/suzanclinvacinas.com.br\/index.php\/wp-json\/wp\/v2\/media?parent=471"}],"curies":[{"name":"wp","href":"https:\/\/api.w.org\/{rel}","templated":true}]}}