{"id":515,"date":"2022-06-05T23:36:36","date_gmt":"2022-06-05T23:36:36","guid":{"rendered":"https:\/\/suzanclinvacinas.com.br\/?page_id=515"},"modified":"2022-10-21T11:13:22","modified_gmt":"2022-10-21T11:13:22","slug":"hexavalente","status":"publish","type":"page","link":"https:\/\/suzanclinvacinas.com.br\/index.php\/hexavalente\/","title":{"rendered":"Hexavalente"},"content":{"rendered":"\t\t<div data-elementor-type=\"wp-page\" data-elementor-id=\"515\" class=\"elementor elementor-515\" data-elementor-settings=\"{&quot;ha_cmc_init_switcher&quot;:&quot;no&quot;}\" data-elementor-post-type=\"page\">\n\t\t\t\t\t\t<section class=\"elementor-section elementor-top-section elementor-element elementor-element-f2e0e42 elementor-section-height-min-height elementor-section-boxed elementor-section-height-default elementor-section-items-middle\" data-id=\"f2e0e42\" data-element_type=\"section\" data-e-type=\"section\" data-settings=\"{&quot;background_background&quot;:&quot;classic&quot;,&quot;_ha_eqh_enable&quot;:false}\">\n\t\t\t\t\t\t\t<div class=\"elementor-background-overlay\"><\/div>\n\t\t\t\t\t\t\t<div class=\"elementor-container elementor-column-gap-default\">\n\t\t\t\t\t<div class=\"elementor-column elementor-col-100 elementor-top-column elementor-element elementor-element-853a725\" data-id=\"853a725\" data-element_type=\"column\" data-e-type=\"column\">\n\t\t\t<div class=\"elementor-widget-wrap elementor-element-populated\">\n\t\t\t\t\t\t<div class=\"elementor-element elementor-element-d12a5f4 elementor-widget elementor-widget-heading\" data-id=\"d12a5f4\" data-element_type=\"widget\" data-e-type=\"widget\" data-widget_type=\"heading.default\">\n\t\t\t\t<div class=\"elementor-widget-container\">\n\t\t\t\t\t<h2 class=\"elementor-heading-title elementor-size-default\">Vacina Hexavalente<\/h2>\t\t\t\t<\/div>\n\t\t\t\t<\/div>\n\t\t\t\t\t<\/div>\n\t\t<\/div>\n\t\t\t\t\t<\/div>\n\t\t<\/section>\n\t\t\t\t<section class=\"elementor-section elementor-top-section elementor-element elementor-element-1a3f913 elementor-section-boxed elementor-section-height-default elementor-section-height-default\" data-id=\"1a3f913\" data-element_type=\"section\" data-e-type=\"section\" data-settings=\"{&quot;_ha_eqh_enable&quot;:false}\">\n\t\t\t\t\t\t<div class=\"elementor-container elementor-column-gap-default\">\n\t\t\t\t\t<div class=\"elementor-column elementor-col-50 elementor-top-column elementor-element elementor-element-3bf9e90\" data-id=\"3bf9e90\" data-element_type=\"column\" data-e-type=\"column\">\n\t\t\t<div class=\"elementor-widget-wrap elementor-element-populated\">\n\t\t\t\t\t\t<div class=\"elementor-element elementor-element-5f0da24 elementor-widget elementor-widget-heading\" data-id=\"5f0da24\" data-element_type=\"widget\" data-e-type=\"widget\" data-widget_type=\"heading.default\">\n\t\t\t\t<div class=\"elementor-widget-container\">\n\t\t\t\t\t<h2 class=\"elementor-heading-title elementor-size-default\">Conhe\u00e7a todos os detalhes da Vacina Hexavalente (DTPa + Polio + Hib + Hepatite B):<\/h2>\t\t\t\t<\/div>\n\t\t\t\t<\/div>\n\t\t\t\t\t<\/div>\n\t\t<\/div>\n\t\t\t\t<div class=\"elementor-column elementor-col-50 elementor-top-column elementor-element elementor-element-b8acd0b\" data-id=\"b8acd0b\" data-element_type=\"column\" data-e-type=\"column\">\n\t\t\t<div class=\"elementor-widget-wrap elementor-element-populated\">\n\t\t\t\t\t\t<div class=\"elementor-element elementor-element-18500a6 elementor-view-framed ha-advanced-tooltip-enable elementor-shape-circle ha-advanced-tooltip-top elementor-widget elementor-widget-icon\" data-id=\"18500a6\" data-element_type=\"widget\" data-e-type=\"widget\" data-settings=\"{&quot;ha_advanced_tooltip_enable&quot;:&quot;enable&quot;,&quot;ha_advanced_tooltip_content&quot;:&quot;Bula da Vacina&quot;,&quot;ha_advanced_tooltip_position&quot;:&quot;top&quot;,&quot;ha_advanced_tooltip_duration&quot;:1000,&quot;ha_advanced_tooltip_arrow&quot;:&quot;true&quot;,&quot;ha_advanced_tooltip_trigger&quot;:&quot;hover&quot;}\" data-widget_type=\"icon.default\">\n\t\t\t\t<div class=\"elementor-widget-container\">\n\t\t\t\t\t\t\t<div class=\"elementor-icon-wrapper\">\n\t\t\t<a class=\"elementor-icon\" href=\"https:\/\/suzanclinvacinas.com.br\/wp-content\/uploads\/2022\/10\/BULA-VACINA-HEXAVALENTE.pdf\" target=\"_blank\">\n\t\t\t<i aria-hidden=\"true\" class=\"hm hm-file\"><\/i>\t\t\t<\/a>\n\t\t<\/div>\n\t\t\t\t\t\t<\/div>\n\t\t\t\t<\/div>\n\t\t\t\t\t<\/div>\n\t\t<\/div>\n\t\t\t\t\t<\/div>\n\t\t<\/section>\n\t\t\t\t<section class=\"elementor-section elementor-top-section elementor-element elementor-element-6f67c30 elementor-section-boxed elementor-section-height-default elementor-section-height-default\" data-id=\"6f67c30\" data-element_type=\"section\" data-e-type=\"section\" data-settings=\"{&quot;_ha_eqh_enable&quot;:false}\">\n\t\t\t\t\t\t<div class=\"elementor-container elementor-column-gap-default\">\n\t\t\t\t\t<div class=\"elementor-column elementor-col-100 elementor-top-column elementor-element elementor-element-15ed708\" data-id=\"15ed708\" data-element_type=\"column\" data-e-type=\"column\">\n\t\t\t<div class=\"elementor-widget-wrap elementor-element-populated\">\n\t\t\t\t\t\t<div class=\"elementor-element elementor-element-b364dbf elementor-widget elementor-widget-heading\" data-id=\"b364dbf\" data-element_type=\"widget\" data-e-type=\"widget\" data-widget_type=\"heading.default\">\n\t\t\t\t<div class=\"elementor-widget-container\">\n\t\t\t\t\t<h2 class=\"elementor-heading-title elementor-size-default\">Vacina indicada para:<\/h2>\t\t\t\t<\/div>\n\t\t\t\t<\/div>\n\t\t\t\t<div data-ha-element-link=\"{&quot;url&quot;:&quot;https:\\\/\\\/suzanclinvacinas.com.br\\\/index.php\\\/vacinas-criancas\\\/&quot;,&quot;is_external&quot;:&quot;&quot;,&quot;nofollow&quot;:&quot;&quot;}\" style=\"cursor: pointer\" class=\"elementor-element elementor-element-c9caf4b elementor-widget__width-auto elementor-widget-mobile__width-inherit elementor-cta--skin-classic elementor-animated-content elementor-bg-transform elementor-bg-transform-zoom-in elementor-widget elementor-widget-call-to-action\" data-id=\"c9caf4b\" data-element_type=\"widget\" data-e-type=\"widget\" data-widget_type=\"call-to-action.default\">\n\t\t\t\t<div class=\"elementor-widget-container\">\n\t\t\t\t\t\t\t<div class=\"elementor-cta\">\n\t\t\t\t\t<div class=\"elementor-cta__bg-wrapper\">\n\t\t\t\t<div class=\"elementor-cta__bg elementor-bg\" style=\"background-image: url(https:\/\/suzanclinvacinas.com.br\/wp-content\/uploads\/2022\/10\/portrait-of-a-smiling-little-boy-showing-thumbs-up-scaled.jpg);\" role=\"img\" aria-label=\"Portrait of a smiling little boy showing thumbs up isolated over orange background\"><\/div>\n\t\t\t\t<div class=\"elementor-cta__bg-overlay\"><\/div>\n\t\t\t<\/div>\n\t\t\t\t\t\t\t<div class=\"elementor-cta__content\">\n\t\t\t\t\n\t\t\t\t<h2 class=\"elementor-cta__title elementor-cta__content-item elementor-content-item\">Crian\u00e7as<\/h2>\n\t\t\t\t\t\t\t\t\t<div class=\"elementor-cta__description elementor-cta__content-item elementor-content-item\">\n\t\t\t\t\t\t(0 a 10 anos)\t\t\t\t\t<\/div>\n\t\t\t\t\n\t\t\t\t\t\t\t<\/div>\n\t\t\t\t\t\t<\/div>\n\t\t\t\t\t\t<\/div>\n\t\t\t\t<\/div>\n\t\t\t\t\t<\/div>\n\t\t<\/div>\n\t\t\t\t\t<\/div>\n\t\t<\/section>\n\t\t\t\t<section class=\"elementor-section elementor-top-section elementor-element elementor-element-e7ee149 elementor-section-boxed elementor-section-height-default elementor-section-height-default\" data-id=\"e7ee149\" data-element_type=\"section\" data-e-type=\"section\" data-settings=\"{&quot;_ha_eqh_enable&quot;:false}\">\n\t\t\t\t\t\t<div class=\"elementor-container elementor-column-gap-default\">\n\t\t\t\t\t<div class=\"elementor-column elementor-col-100 elementor-top-column elementor-element elementor-element-e177b71\" data-id=\"e177b71\" data-element_type=\"column\" data-e-type=\"column\">\n\t\t\t<div class=\"elementor-widget-wrap elementor-element-populated\">\n\t\t\t\t\t\t<div class=\"elementor-element elementor-element-5a9066b ha-has-bg-overlay elementor-widget elementor-widget-heading\" data-id=\"5a9066b\" data-element_type=\"widget\" data-e-type=\"widget\" data-widget_type=\"heading.default\">\n\t\t\t\t<div class=\"elementor-widget-container\">\n\t\t\t\t\t<h2 class=\"elementor-heading-title elementor-size-default\">Indica\u00e7\u00f5es:<\/h2>\t\t\t\t<\/div>\n\t\t\t\t<\/div>\n\t\t\t\t<div class=\"elementor-element elementor-element-afa3802 elementor-widget elementor-widget-text-editor\" data-id=\"afa3802\" data-element_type=\"widget\" data-e-type=\"widget\" data-widget_type=\"text-editor.default\">\n\t\t\t\t<div class=\"elementor-widget-container\">\n\t\t\t\t\t\t\t\t\t<p>A vacina Hexavalente \u00e9 recomendada para crian\u00e7as a partir de 2 meses de idade e pode ser aplicada at\u00e9 os 2 anos, sempre que seja indicada alguma das vacinas inclu\u00eddas nessa combina\u00e7\u00e3o.<\/p>\t\t\t\t\t\t\t\t<\/div>\n\t\t\t\t<\/div>\n\t\t\t\t<div class=\"elementor-element elementor-element-861c49e ha-has-bg-overlay elementor-widget elementor-widget-heading\" data-id=\"861c49e\" data-element_type=\"widget\" data-e-type=\"widget\" data-widget_type=\"heading.default\">\n\t\t\t\t<div class=\"elementor-widget-container\">\n\t\t\t\t\t<h2 class=\"elementor-heading-title elementor-size-default\">Doses:<\/h2>\t\t\t\t<\/div>\n\t\t\t\t<\/div>\n\t\t\t\t<div class=\"elementor-element elementor-element-b6754d2 elementor-widget elementor-widget-text-editor\" data-id=\"b6754d2\" data-element_type=\"widget\" data-e-type=\"widget\" data-widget_type=\"text-editor.default\">\n\t\t\t\t<div class=\"elementor-widget-container\">\n\t\t\t\t\t\t\t\t\t<div class=\"vacina-conteudo-conteudo\"><p>\u00c9 recomendada a aplica\u00e7\u00e3o 2 doses da vacina, aos 2 e 6 meses de idade. Aos 4 meses de idade, a crian\u00e7a toma a vacina Pentavalente (sem o componente da hepatite B). Depois, \u00e9 necess\u00e1rio um primeiro refor\u00e7o entre 12 e 18 meses com a vacina Pentavalente e um segundo refor\u00e7o entre 4 e 6 anos de idade, sendo este realizado com a vacina dTpa + Polio.<\/p><\/div>\t\t\t\t\t\t\t\t<\/div>\n\t\t\t\t<\/div>\n\t\t\t\t<div class=\"elementor-element elementor-element-5ccbcad ha-has-bg-overlay elementor-widget elementor-widget-heading\" data-id=\"5ccbcad\" data-element_type=\"widget\" data-e-type=\"widget\" data-widget_type=\"heading.default\">\n\t\t\t\t<div class=\"elementor-widget-container\">\n\t\t\t\t\t<h2 class=\"elementor-heading-title elementor-size-default\">Contraindica\u00e7\u00f5es:<\/h2>\t\t\t\t<\/div>\n\t\t\t\t<\/div>\n\t\t\t\t<div class=\"elementor-element elementor-element-3e2309a elementor-widget elementor-widget-text-editor\" data-id=\"3e2309a\" data-element_type=\"widget\" data-e-type=\"widget\" data-widget_type=\"text-editor.default\">\n\t\t\t\t<div class=\"elementor-widget-container\">\n\t\t\t\t\t\t\t\t\t<p>A imuniza\u00e7\u00e3o \u00e9 contraindicada em:<\/p><ul><li>Maiores de 2 anos;<\/li><li>Crian\u00e7as que apresentaram encefalopatia nos sete dias ap\u00f3s a aplica\u00e7\u00e3o de dose anterior de vacina contendo componentes da coqueluche;<\/li><li>Anafilaxia a qualquer componente da vacina;<\/li><\/ul><p>Al\u00e9m disso, \u00e9 recomendado adiar.a vacina\u00e7\u00e3o em pacientes que estejam com febre no dia da aplica\u00e7\u00e3o.<\/p>\t\t\t\t\t\t\t\t<\/div>\n\t\t\t\t<\/div>\n\t\t\t\t<div class=\"elementor-element elementor-element-058c7cc ha-has-bg-overlay elementor-widget elementor-widget-heading\" data-id=\"058c7cc\" data-element_type=\"widget\" data-e-type=\"widget\" data-widget_type=\"heading.default\">\n\t\t\t\t<div class=\"elementor-widget-container\">\n\t\t\t\t\t<h2 class=\"elementor-heading-title elementor-size-default\">Rea\u00e7\u00f5es Adversas:<\/h2>\t\t\t\t<\/div>\n\t\t\t\t<\/div>\n\t\t\t\t<div class=\"elementor-element elementor-element-639afeb elementor-widget elementor-widget-text-editor\" data-id=\"639afeb\" data-element_type=\"widget\" data-e-type=\"widget\" data-widget_type=\"text-editor.default\">\n\t\t\t\t<div class=\"elementor-widget-container\">\n\t\t\t\t\t\t\t\t\t<div class=\"vacina-conteudo-conteudo\"><ul><li>Vermelhid\u00e3o, dor ou incha\u00e7o no local de aplica\u00e7\u00e3o;<\/li><li>Febre;<\/li><li>Perda de apetite;<\/li><li>V\u00f4mito;<\/li><li>Irritabilidade;<\/li><li>Choro persistente;<\/li><li>Sonol\u00eancia.\u00a0<\/li><\/ul><p>Os eventos adversos s\u00e3o um pouco mais frequentes nas doses de refor\u00e7o.<\/p><\/div>\t\t\t\t\t\t\t\t<\/div>\n\t\t\t\t<\/div>\n\t\t\t\t<div class=\"elementor-element elementor-element-fa1d2d3 ha-has-bg-overlay elementor-widget elementor-widget-heading\" data-id=\"fa1d2d3\" data-element_type=\"widget\" data-e-type=\"widget\" data-widget_type=\"heading.default\">\n\t\t\t\t<div class=\"elementor-widget-container\">\n\t\t\t\t\t<h2 class=\"elementor-heading-title elementor-size-default\">Do que \u00e9 feita?<\/h2>\t\t\t\t<\/div>\n\t\t\t\t<\/div>\n\t\t\t\t<div class=\"elementor-element elementor-element-7c22edc elementor-widget elementor-widget-text-editor\" data-id=\"7c22edc\" data-element_type=\"widget\" data-e-type=\"widget\" data-widget_type=\"text-editor.default\">\n\t\t\t\t<div class=\"elementor-widget-container\">\n\t\t\t\t\t\t\t\t\t<div class=\"vacina-conteudo-conteudo\"><p>Composta por vacina tr\u00edplice bacteriana acelular (DTPa), vacina poliomielite inativada (VIP), vacina hepatite B (HB) e vacina\u00a0<i>Haemophilus influenzae<\/i>\u00a0tipo b (HIb): DTPa-VIP-HB\/Hib. Dependendo do fabricante da vacina, pode conter tamb\u00e9m lactose, cloreto de s\u00f3dio, 2-fenoxietanol, hidr\u00f3xido de alum\u00ednio e \u00e1gua para inje\u00e7\u00e3o.<\/p><\/div>\t\t\t\t\t\t\t\t<\/div>\n\t\t\t\t<\/div>\n\t\t\t\t\t<\/div>\n\t\t<\/div>\n\t\t\t\t\t<\/div>\n\t\t<\/section>\n\t\t\t\t<section class=\"elementor-section elementor-top-section elementor-element elementor-element-4484dbd elementor-section-boxed elementor-section-height-default elementor-section-height-default\" data-id=\"4484dbd\" data-element_type=\"section\" data-e-type=\"section\" data-settings=\"{&quot;_ha_eqh_enable&quot;:false}\">\n\t\t\t\t\t\t<div class=\"elementor-container elementor-column-gap-default\">\n\t\t\t\t\t<div class=\"elementor-column elementor-col-100 elementor-top-column elementor-element elementor-element-5607863\" data-id=\"5607863\" data-element_type=\"column\" data-e-type=\"column\">\n\t\t\t<div class=\"elementor-widget-wrap elementor-element-populated\">\n\t\t\t\t\t\t<div class=\"elementor-element elementor-element-ebc527f elementor-widget elementor-widget-heading\" data-id=\"ebc527f\" data-element_type=\"widget\" data-e-type=\"widget\" data-widget_type=\"heading.default\">\n\t\t\t\t<div class=\"elementor-widget-container\">\n\t\t\t\t\t<h2 class=\"elementor-heading-title elementor-size-default\">Comparativo entre Vacinas<\/h2>\t\t\t\t<\/div>\n\t\t\t\t<\/div>\n\t\t\t\t<section class=\"elementor-section elementor-inner-section elementor-element elementor-element-f65d609 elementor-reverse-mobile elementor-section-boxed elementor-section-height-default elementor-section-height-default\" data-id=\"f65d609\" data-element_type=\"section\" data-e-type=\"section\" data-settings=\"{&quot;background_background&quot;:&quot;gradient&quot;,&quot;_ha_eqh_enable&quot;:false}\">\n\t\t\t\t\t\t\t<div class=\"elementor-background-overlay\"><\/div>\n\t\t\t\t\t\t\t<div class=\"elementor-container elementor-column-gap-default\">\n\t\t\t\t\t<div class=\"elementor-column elementor-col-50 elementor-inner-column elementor-element elementor-element-3ede6c4\" data-id=\"3ede6c4\" data-element_type=\"column\" data-e-type=\"column\">\n\t\t\t<div class=\"elementor-widget-wrap elementor-element-populated\">\n\t\t\t\t\t\t<div class=\"elementor-element elementor-element-9e5c78a elementor-widget elementor-widget-heading\" data-id=\"9e5c78a\" data-element_type=\"widget\" data-e-type=\"widget\" data-widget_type=\"heading.default\">\n\t\t\t\t<div class=\"elementor-widget-container\">\n\t\t\t\t\t<h2 class=\"elementor-heading-title elementor-size-default\">VACINA P\u00daBLICA<\/h2>\t\t\t\t<\/div>\n\t\t\t\t<\/div>\n\t\t\t\t<div class=\"elementor-element elementor-element-2c3d1d1 elementor-widget elementor-widget-text-editor\" data-id=\"2c3d1d1\" data-element_type=\"widget\" data-e-type=\"widget\" data-widget_type=\"text-editor.default\">\n\t\t\t\t<div class=\"elementor-widget-container\">\n\t\t\t\t\t\t\t\t\t<p>\u2981 Dispon\u00edvel na apresenta\u00e7\u00e3o c\u00e9lulas inteiras (DTPw + Hib + HB), que possui c\u00e9lulas inteiras na fra\u00e7\u00e3o pertussis;<\/p><p>\u2981 Eventos adversos graves conferem maior probabilidade de ocorr\u00eancia;<\/p><p>\u2981 N\u00e3o possui a prote\u00e7\u00e3o contra a poliomielite na sua composi\u00e7\u00e3o.<\/p><p>\u2981 Necess\u00e1ria outra aplica\u00e7\u00e3o intramuscular separada &#8211; s\u00e3o duas aplica\u00e7\u00f5es para conferir a prote\u00e7\u00e3o necess\u00e1ria contra as 6 doen\u00e7as.<\/p>\t\t\t\t\t\t\t\t<\/div>\n\t\t\t\t<\/div>\n\t\t\t\t\t<\/div>\n\t\t<\/div>\n\t\t\t\t<div class=\"elementor-column elementor-col-50 elementor-inner-column elementor-element elementor-element-1d17f55\" data-id=\"1d17f55\" data-element_type=\"column\" data-e-type=\"column\">\n\t\t\t<div class=\"elementor-widget-wrap elementor-element-populated\">\n\t\t\t\t\t\t<div class=\"elementor-element elementor-element-99676b5 elementor-widget elementor-widget-heading\" data-id=\"99676b5\" data-element_type=\"widget\" data-e-type=\"widget\" data-widget_type=\"heading.default\">\n\t\t\t\t<div class=\"elementor-widget-container\">\n\t\t\t\t\t<h2 class=\"elementor-heading-title elementor-size-default\">VACINA  SUZANCLIN<\/h2>\t\t\t\t<\/div>\n\t\t\t\t<\/div>\n\t\t\t\t<div class=\"elementor-element elementor-element-1b33e73 elementor-widget elementor-widget-text-editor\" data-id=\"1b33e73\" data-element_type=\"widget\" data-e-type=\"widget\" data-widget_type=\"text-editor.default\">\n\t\t\t\t<div class=\"elementor-widget-container\">\n\t\t\t\t\t\t\t\t\t<p>\u2981 Dispon\u00edvel na apresenta\u00e7\u00e3o (DTPa + Hib + IPV + Hep B), sendo considerada mais purificada devido a aus\u00eancia de c\u00e9lulas inteiras da fra\u00e7\u00e3o pertussis;<\/p><p>\u2981 Efeitos adversos, quando ocorrem, s\u00e3o muito mais leves;<\/p><p>\u2981 Prote\u00e7\u00e3o contra a poliomielite (IPV ou VIP);<\/p><p>\u2981 Necess\u00e1rio apenas uma \u00fanica aplica\u00e7\u00e3o para proteger contra as 6 doen\u00e7as.<\/p>\t\t\t\t\t\t\t\t<\/div>\n\t\t\t\t<\/div>\n\t\t\t\t\t<\/div>\n\t\t<\/div>\n\t\t\t\t\t<\/div>\n\t\t<\/section>\n\t\t\t\t\t<\/div>\n\t\t<\/div>\n\t\t\t\t\t<\/div>\n\t\t<\/section>\n\t\t\t\t<\/div>\n\t\t","protected":false},"excerpt":{"rendered":"<p>Vacina Hexavalente Conhe\u00e7a todos os detalhes da Vacina Hexavalente (DTPa + Polio + Hib + Hepatite B): Vacina indicada para: Crian\u00e7as (0 a 10 anos) Indica\u00e7\u00f5es: A vacina Hexavalente \u00e9 recomendada para crian\u00e7as a partir de 2 meses de idade e pode ser aplicada at\u00e9 os 2 anos, sempre que seja indicada alguma das vacinas &hellip;<\/p>\n<p class=\"read-more\"> <a class=\"\" href=\"https:\/\/suzanclinvacinas.com.br\/index.php\/hexavalente\/\"> <span class=\"screen-reader-text\">Hexavalente<\/span> Leia mais &raquo;<\/a><\/p>\n","protected":false},"author":1,"featured_media":0,"parent":0,"menu_order":0,"comment_status":"closed","ping_status":"closed","template":"","meta":{"site-sidebar-layout":"no-sidebar","site-content-layout":"page-builder","ast-global-header-display":"","ast-main-header-display":"","ast-hfb-above-header-display":"","ast-hfb-below-header-display":"","ast-hfb-mobile-header-display":"","site-post-title":"disabled","ast-breadcrumbs-content":"","ast-featured-img":"disabled","footer-sml-layout":"","theme-transparent-header-meta":"","adv-header-id-meta":"","stick-header-meta":"","header-above-stick-meta":"","header-main-stick-meta":"","header-below-stick-meta":"","_joinchat":[],"footnotes":""},"class_list":["post-515","page","type-page","status-publish","hentry"],"_links":{"self":[{"href":"https:\/\/suzanclinvacinas.com.br\/index.php\/wp-json\/wp\/v2\/pages\/515","targetHints":{"allow":["GET"]}}],"collection":[{"href":"https:\/\/suzanclinvacinas.com.br\/index.php\/wp-json\/wp\/v2\/pages"}],"about":[{"href":"https:\/\/suzanclinvacinas.com.br\/index.php\/wp-json\/wp\/v2\/types\/page"}],"author":[{"embeddable":true,"href":"https:\/\/suzanclinvacinas.com.br\/index.php\/wp-json\/wp\/v2\/users\/1"}],"replies":[{"embeddable":true,"href":"https:\/\/suzanclinvacinas.com.br\/index.php\/wp-json\/wp\/v2\/comments?post=515"}],"version-history":[{"count":9,"href":"https:\/\/suzanclinvacinas.com.br\/index.php\/wp-json\/wp\/v2\/pages\/515\/revisions"}],"predecessor-version":[{"id":1818,"href":"https:\/\/suzanclinvacinas.com.br\/index.php\/wp-json\/wp\/v2\/pages\/515\/revisions\/1818"}],"wp:attachment":[{"href":"https:\/\/suzanclinvacinas.com.br\/index.php\/wp-json\/wp\/v2\/media?parent=515"}],"curies":[{"name":"wp","href":"https:\/\/api.w.org\/{rel}","templated":true}]}}