{"id":521,"date":"2022-06-05T23:43:39","date_gmt":"2022-06-05T23:43:39","guid":{"rendered":"https:\/\/suzanclinvacinas.com.br\/?page_id=521"},"modified":"2022-10-21T11:14:50","modified_gmt":"2022-10-21T11:14:50","slug":"hpv-quadrivalente","status":"publish","type":"page","link":"https:\/\/suzanclinvacinas.com.br\/index.php\/hpv-quadrivalente\/","title":{"rendered":"HPV Quadrivalente"},"content":{"rendered":"\t\t<div data-elementor-type=\"wp-page\" data-elementor-id=\"521\" class=\"elementor elementor-521\" data-elementor-settings=\"{&quot;ha_cmc_init_switcher&quot;:&quot;no&quot;}\" data-elementor-post-type=\"page\">\n\t\t\t\t\t\t<section class=\"elementor-section elementor-top-section elementor-element elementor-element-d40893a elementor-section-height-min-height elementor-section-boxed elementor-section-height-default elementor-section-items-middle\" data-id=\"d40893a\" data-element_type=\"section\" data-e-type=\"section\" data-settings=\"{&quot;background_background&quot;:&quot;classic&quot;,&quot;_ha_eqh_enable&quot;:false}\">\n\t\t\t\t\t\t\t<div class=\"elementor-background-overlay\"><\/div>\n\t\t\t\t\t\t\t<div class=\"elementor-container elementor-column-gap-default\">\n\t\t\t\t\t<div class=\"elementor-column elementor-col-100 elementor-top-column elementor-element elementor-element-100440e\" data-id=\"100440e\" data-element_type=\"column\" data-e-type=\"column\">\n\t\t\t<div class=\"elementor-widget-wrap elementor-element-populated\">\n\t\t\t\t\t\t<div class=\"elementor-element elementor-element-0718b18 elementor-widget elementor-widget-heading\" data-id=\"0718b18\" data-element_type=\"widget\" data-e-type=\"widget\" data-widget_type=\"heading.default\">\n\t\t\t\t<div class=\"elementor-widget-container\">\n\t\t\t\t\t<h2 class=\"elementor-heading-title elementor-size-default\">Vacina HPV Quadrivalente\n<\/h2>\t\t\t\t<\/div>\n\t\t\t\t<\/div>\n\t\t\t\t\t<\/div>\n\t\t<\/div>\n\t\t\t\t\t<\/div>\n\t\t<\/section>\n\t\t\t\t<section class=\"elementor-section elementor-top-section elementor-element elementor-element-631b25f elementor-section-boxed elementor-section-height-default elementor-section-height-default\" data-id=\"631b25f\" data-element_type=\"section\" data-e-type=\"section\" data-settings=\"{&quot;_ha_eqh_enable&quot;:false}\">\n\t\t\t\t\t\t<div class=\"elementor-container elementor-column-gap-default\">\n\t\t\t\t\t<div class=\"elementor-column elementor-col-50 elementor-top-column elementor-element elementor-element-0b95a13\" data-id=\"0b95a13\" data-element_type=\"column\" data-e-type=\"column\">\n\t\t\t<div class=\"elementor-widget-wrap elementor-element-populated\">\n\t\t\t\t\t\t<div class=\"elementor-element elementor-element-818146e elementor-widget elementor-widget-heading\" data-id=\"818146e\" data-element_type=\"widget\" data-e-type=\"widget\" data-widget_type=\"heading.default\">\n\t\t\t\t<div class=\"elementor-widget-container\">\n\t\t\t\t\t<h2 class=\"elementor-heading-title elementor-size-default\">Conhe\u00e7a todos os detalhes da Vacina HPV Quadrivalente:<\/h2>\t\t\t\t<\/div>\n\t\t\t\t<\/div>\n\t\t\t\t\t<\/div>\n\t\t<\/div>\n\t\t\t\t<div class=\"elementor-column elementor-col-50 elementor-top-column elementor-element elementor-element-2a15db8\" data-id=\"2a15db8\" data-element_type=\"column\" data-e-type=\"column\">\n\t\t\t<div class=\"elementor-widget-wrap elementor-element-populated\">\n\t\t\t\t\t\t<div class=\"elementor-element elementor-element-744412e elementor-view-framed ha-advanced-tooltip-enable elementor-shape-circle ha-advanced-tooltip-top elementor-widget elementor-widget-icon\" data-id=\"744412e\" data-element_type=\"widget\" data-e-type=\"widget\" data-settings=\"{&quot;ha_advanced_tooltip_enable&quot;:&quot;enable&quot;,&quot;ha_advanced_tooltip_content&quot;:&quot;Bula da Vacina&quot;,&quot;ha_advanced_tooltip_position&quot;:&quot;top&quot;,&quot;ha_advanced_tooltip_duration&quot;:1000,&quot;ha_advanced_tooltip_arrow&quot;:&quot;true&quot;,&quot;ha_advanced_tooltip_trigger&quot;:&quot;hover&quot;}\" data-widget_type=\"icon.default\">\n\t\t\t\t<div class=\"elementor-widget-container\">\n\t\t\t\t\t\t\t<div class=\"elementor-icon-wrapper\">\n\t\t\t<a class=\"elementor-icon\" href=\"https:\/\/suzanclinvacinas.com.br\/wp-content\/uploads\/2022\/10\/BULA-VACINA-HPV-GARDASIL.pdf\" target=\"_blank\">\n\t\t\t<i aria-hidden=\"true\" class=\"hm hm-file\"><\/i>\t\t\t<\/a>\n\t\t<\/div>\n\t\t\t\t\t\t<\/div>\n\t\t\t\t<\/div>\n\t\t\t\t\t<\/div>\n\t\t<\/div>\n\t\t\t\t\t<\/div>\n\t\t<\/section>\n\t\t\t\t<section class=\"elementor-section elementor-top-section elementor-element elementor-element-8f42c37 elementor-section-boxed elementor-section-height-default elementor-section-height-default\" data-id=\"8f42c37\" data-element_type=\"section\" data-e-type=\"section\" data-settings=\"{&quot;_ha_eqh_enable&quot;:false}\">\n\t\t\t\t\t\t<div class=\"elementor-container elementor-column-gap-default\">\n\t\t\t\t\t<div class=\"elementor-column elementor-col-100 elementor-top-column elementor-element elementor-element-7f0fd38\" data-id=\"7f0fd38\" data-element_type=\"column\" data-e-type=\"column\">\n\t\t\t<div class=\"elementor-widget-wrap elementor-element-populated\">\n\t\t\t\t\t\t<div class=\"elementor-element elementor-element-9b6a44c elementor-widget elementor-widget-heading\" data-id=\"9b6a44c\" data-element_type=\"widget\" data-e-type=\"widget\" data-widget_type=\"heading.default\">\n\t\t\t\t<div class=\"elementor-widget-container\">\n\t\t\t\t\t<h2 class=\"elementor-heading-title elementor-size-default\">Vacina indicada para:<\/h2>\t\t\t\t<\/div>\n\t\t\t\t<\/div>\n\t\t\t\t<div data-ha-element-link=\"{&quot;url&quot;:&quot;https:\\\/\\\/suzanclinvacinas.com.br\\\/index.php\\\/vacinas-criancas\\\/&quot;,&quot;is_external&quot;:&quot;&quot;,&quot;nofollow&quot;:&quot;&quot;}\" style=\"cursor: pointer\" class=\"elementor-element elementor-element-f622044 elementor-widget__width-auto elementor-widget-mobile__width-inherit elementor-cta--skin-classic elementor-animated-content elementor-bg-transform elementor-bg-transform-zoom-in elementor-widget elementor-widget-call-to-action\" data-id=\"f622044\" data-element_type=\"widget\" data-e-type=\"widget\" data-widget_type=\"call-to-action.default\">\n\t\t\t\t<div class=\"elementor-widget-container\">\n\t\t\t\t\t\t\t<div class=\"elementor-cta\">\n\t\t\t\t\t<div class=\"elementor-cta__bg-wrapper\">\n\t\t\t\t<div class=\"elementor-cta__bg elementor-bg\" style=\"background-image: url(https:\/\/suzanclinvacinas.com.br\/wp-content\/uploads\/2022\/10\/portrait-of-a-smiling-little-boy-showing-thumbs-up-scaled.jpg);\" role=\"img\" aria-label=\"Portrait of a smiling little boy showing thumbs up isolated over orange background\"><\/div>\n\t\t\t\t<div class=\"elementor-cta__bg-overlay\"><\/div>\n\t\t\t<\/div>\n\t\t\t\t\t\t\t<div class=\"elementor-cta__content\">\n\t\t\t\t\n\t\t\t\t<h2 class=\"elementor-cta__title elementor-cta__content-item elementor-content-item\">Crian\u00e7as<\/h2>\n\t\t\t\t\t\t\t\t\t<div class=\"elementor-cta__description elementor-cta__content-item elementor-content-item\">\n\t\t\t\t\t\t(0 a 10 anos)\t\t\t\t\t<\/div>\n\t\t\t\t\n\t\t\t\t\t\t\t<\/div>\n\t\t\t\t\t\t<\/div>\n\t\t\t\t\t\t<\/div>\n\t\t\t\t<\/div>\n\t\t\t\t<div data-ha-element-link=\"{&quot;url&quot;:&quot;https:\\\/\\\/suzanclinvacinas.com.br\\\/index.php\\\/vacinas-adolescentes\\\/&quot;,&quot;is_external&quot;:&quot;&quot;,&quot;nofollow&quot;:&quot;&quot;}\" style=\"cursor: pointer\" class=\"elementor-element elementor-element-50521c8 elementor-cta--valign-middle elementor-widget__width-auto elementor-widget-mobile__width-inherit elementor-cta--skin-classic elementor-animated-content elementor-bg-transform elementor-bg-transform-zoom-in elementor-widget elementor-widget-call-to-action\" data-id=\"50521c8\" data-element_type=\"widget\" data-e-type=\"widget\" data-widget_type=\"call-to-action.default\">\n\t\t\t\t<div class=\"elementor-widget-container\">\n\t\t\t\t\t\t\t<div class=\"elementor-cta\">\n\t\t\t\t\t<div class=\"elementor-cta__bg-wrapper\">\n\t\t\t\t<div class=\"elementor-cta__bg elementor-bg\" style=\"background-image: url(https:\/\/suzanclinvacinas.com.br\/wp-content\/uploads\/2022\/10\/young-pretty-female-standing-isolated-over-purple-space-and-smiling-nicely-while-chatting-with-friends-scaled.jpg);\" role=\"img\" aria-label=\"Young pretty female standing isolated over purple background, looking at camera and smiling nicely while chatting with friends, lady with knot and headband.\"><\/div>\n\t\t\t\t<div class=\"elementor-cta__bg-overlay\"><\/div>\n\t\t\t<\/div>\n\t\t\t\t\t\t\t<div class=\"elementor-cta__content\">\n\t\t\t\t\n\t\t\t\t<h2 class=\"elementor-cta__title elementor-cta__content-item elementor-content-item\">Adolescentes<\/h2>\n\t\t\t\t\t\t\t\t\t<div class=\"elementor-cta__description elementor-cta__content-item elementor-content-item\">\n\t\t\t\t\t\t(11 a 19 anos)\t\t\t\t\t<\/div>\n\t\t\t\t\n\t\t\t\t\t\t\t<\/div>\n\t\t\t\t\t\t<\/div>\n\t\t\t\t\t\t<\/div>\n\t\t\t\t<\/div>\n\t\t\t\t<div data-ha-element-link=\"{&quot;url&quot;:&quot;https:\\\/\\\/suzanclinvacinas.com.br\\\/index.php\\\/vacinas-adultos\\\/&quot;,&quot;is_external&quot;:&quot;&quot;,&quot;nofollow&quot;:&quot;&quot;}\" style=\"cursor: pointer\" class=\"elementor-element elementor-element-c4e70d3 elementor-cta--valign-middle elementor-widget__width-auto elementor-widget-mobile__width-inherit elementor-cta--skin-classic elementor-animated-content elementor-bg-transform elementor-bg-transform-zoom-in elementor-widget elementor-widget-call-to-action\" data-id=\"c4e70d3\" data-element_type=\"widget\" data-e-type=\"widget\" data-widget_type=\"call-to-action.default\">\n\t\t\t\t<div class=\"elementor-widget-container\">\n\t\t\t\t\t\t\t<div class=\"elementor-cta\">\n\t\t\t\t\t<div class=\"elementor-cta__bg-wrapper\">\n\t\t\t\t<div class=\"elementor-cta__bg elementor-bg\" style=\"background-image: url(https:\/\/suzanclinvacinas.com.br\/wp-content\/uploads\/2022\/10\/close-up-of-young-successful-man-smiling-at-camera-standing-in-casual-outfit-against-blue-background-scaled.jpg);\" role=\"img\" aria-label=\"Close-up of young successful man smiling at camera, standing in casual outfit against blue background.\"><\/div>\n\t\t\t\t<div class=\"elementor-cta__bg-overlay\"><\/div>\n\t\t\t<\/div>\n\t\t\t\t\t\t\t<div class=\"elementor-cta__content\">\n\t\t\t\t\n\t\t\t\t<h2 class=\"elementor-cta__title elementor-cta__content-item elementor-content-item\">Adultos<\/h2>\n\t\t\t\t\t\t\t\t\t<div class=\"elementor-cta__description elementor-cta__content-item elementor-content-item\">\n\t\t\t\t\t\t(20 a 59 anos)\t\t\t\t\t<\/div>\n\t\t\t\t\n\t\t\t\t\t\t\t<\/div>\n\t\t\t\t\t\t<\/div>\n\t\t\t\t\t\t<\/div>\n\t\t\t\t<\/div>\n\t\t\t\t\t<\/div>\n\t\t<\/div>\n\t\t\t\t\t<\/div>\n\t\t<\/section>\n\t\t\t\t<section class=\"elementor-section elementor-top-section elementor-element elementor-element-7f53130 elementor-section-boxed elementor-section-height-default elementor-section-height-default\" data-id=\"7f53130\" data-element_type=\"section\" data-e-type=\"section\" data-settings=\"{&quot;_ha_eqh_enable&quot;:false}\">\n\t\t\t\t\t\t<div class=\"elementor-container elementor-column-gap-default\">\n\t\t\t\t\t<div class=\"elementor-column elementor-col-100 elementor-top-column elementor-element elementor-element-32357b9\" data-id=\"32357b9\" data-element_type=\"column\" data-e-type=\"column\">\n\t\t\t<div class=\"elementor-widget-wrap elementor-element-populated\">\n\t\t\t\t\t\t<div class=\"elementor-element elementor-element-93adafb ha-has-bg-overlay elementor-widget elementor-widget-heading\" data-id=\"93adafb\" data-element_type=\"widget\" data-e-type=\"widget\" data-widget_type=\"heading.default\">\n\t\t\t\t<div class=\"elementor-widget-container\">\n\t\t\t\t\t<h2 class=\"elementor-heading-title elementor-size-default\">Indica\u00e7\u00f5es:<\/h2>\t\t\t\t<\/div>\n\t\t\t\t<\/div>\n\t\t\t\t<div class=\"elementor-element elementor-element-93f0386 elementor-widget elementor-widget-text-editor\" data-id=\"93f0386\" data-element_type=\"widget\" data-e-type=\"widget\" data-widget_type=\"text-editor.default\">\n\t\t\t\t<div class=\"elementor-widget-container\">\n\t\t\t\t\t\t\t\t\t<p>A infec\u00e7\u00e3o causada pelo\u00a0HPV\u00a0pode ocorrer em mulheres sexualmente ativas em qualquer idade, por\u00e9m o pico de incid\u00eancia ocorre logo ap\u00f3s o in\u00edcio da vida sexual, antes dos 25 anos de idade. Mesmo que a taxa diminua a partir desta faixa et\u00e1ria, mulheres com idade superior a 25 anos tamb\u00e9m est\u00e3o suscet\u00edveis \u00e0 infec\u00e7\u00e3o pelo v\u00edrus. A recomenda\u00e7\u00e3o \u00e9 que crian\u00e7as e adolescentes sejam vacinados antes de iniciarem a vida sexual.\u00a0<\/p><p>A vacina HPV quadrivalente est\u00e1 licenciada para mulheres de 9 a 45 anos e homens de 9 a 26 anos. A vacina HPV bivalente est\u00e1 licenciada somente para mulheres a partir de 9 anos, sem limite superior de idade<\/p>\t\t\t\t\t\t\t\t<\/div>\n\t\t\t\t<\/div>\n\t\t\t\t<div class=\"elementor-element elementor-element-9c3bf93 ha-has-bg-overlay elementor-widget elementor-widget-heading\" data-id=\"9c3bf93\" data-element_type=\"widget\" data-e-type=\"widget\" data-widget_type=\"heading.default\">\n\t\t\t\t<div class=\"elementor-widget-container\">\n\t\t\t\t\t<h2 class=\"elementor-heading-title elementor-size-default\">Doses:<\/h2>\t\t\t\t<\/div>\n\t\t\t\t<\/div>\n\t\t\t\t<div class=\"elementor-element elementor-element-29e70c4 elementor-widget elementor-widget-text-editor\" data-id=\"29e70c4\" data-element_type=\"widget\" data-e-type=\"widget\" data-widget_type=\"text-editor.default\">\n\t\t\t\t<div class=\"elementor-widget-container\">\n\t\t\t\t\t\t\t\t\t<div class=\"vacina-conteudo-conteudo\"><p>Para crian\u00e7as de 9 a 14 anos, a vacina HPV quadrivalente \u00e9 recomendada em 2 doses com intervalo de 6 meses entre elas.<\/p><p>Para indiv\u00edduos a partir de 15 anos de idade s\u00e3o indicadas tr\u00eas doses, sendo a segunda 1 ou 2 meses ap\u00f3s a primeira e a terceira, seis meses ap\u00f3s a primeira.<\/p><\/div>\t\t\t\t\t\t\t\t<\/div>\n\t\t\t\t<\/div>\n\t\t\t\t<div class=\"elementor-element elementor-element-b2a6ce0 ha-has-bg-overlay elementor-widget elementor-widget-heading\" data-id=\"b2a6ce0\" data-element_type=\"widget\" data-e-type=\"widget\" data-widget_type=\"heading.default\">\n\t\t\t\t<div class=\"elementor-widget-container\">\n\t\t\t\t\t<h2 class=\"elementor-heading-title elementor-size-default\">Contraindica\u00e7\u00f5es:<\/h2>\t\t\t\t<\/div>\n\t\t\t\t<\/div>\n\t\t\t\t<div class=\"elementor-element elementor-element-e2dc0ef elementor-widget elementor-widget-text-editor\" data-id=\"e2dc0ef\" data-element_type=\"widget\" data-e-type=\"widget\" data-widget_type=\"text-editor.default\">\n\t\t\t\t<div class=\"elementor-widget-container\">\n\t\t\t\t\t\t\t\t\t<p>A vacina \u00e9 contraindicada para gestantes; pessoas com hist\u00f3rico de anafilaxia \u00e0 vacina ou a algum de seus componentes. Para pessoas que estejam com febre no dia da aplica\u00e7\u00e3o, \u00e9 recomendado adiar a vacina\u00e7\u00e3o.<\/p>\t\t\t\t\t\t\t\t<\/div>\n\t\t\t\t<\/div>\n\t\t\t\t<div class=\"elementor-element elementor-element-9303378 ha-has-bg-overlay elementor-widget elementor-widget-heading\" data-id=\"9303378\" data-element_type=\"widget\" data-e-type=\"widget\" data-widget_type=\"heading.default\">\n\t\t\t\t<div class=\"elementor-widget-container\">\n\t\t\t\t\t<h2 class=\"elementor-heading-title elementor-size-default\">Rea\u00e7\u00f5es Adversas:<\/h2>\t\t\t\t<\/div>\n\t\t\t\t<\/div>\n\t\t\t\t<div class=\"elementor-element elementor-element-266216a elementor-widget elementor-widget-text-editor\" data-id=\"266216a\" data-element_type=\"widget\" data-e-type=\"widget\" data-widget_type=\"text-editor.default\">\n\t\t\t\t<div class=\"elementor-widget-container\">\n\t\t\t\t\t\t\t\t\t<p>A vacina \u00e9 bem segura e apresenta poucas chances de rea\u00e7\u00f5es adversas. Os sintomas mais comuns que podem acontecer s\u00e3o:<\/p><ul><li>Dor de cabe\u00e7a;<\/li><li>Febre;<\/li><li>Rea\u00e7\u00f5es no local da aplica\u00e7\u00e3o (dor, vermelhid\u00e3o e incha\u00e7o);<\/li><li>Fadiga e mal-estar;<\/li><li>S\u00edncope de origem vaso vagal<\/li><\/ul>\t\t\t\t\t\t\t\t<\/div>\n\t\t\t\t<\/div>\n\t\t\t\t<div class=\"elementor-element elementor-element-35ddd50 ha-has-bg-overlay elementor-widget elementor-widget-heading\" data-id=\"35ddd50\" data-element_type=\"widget\" data-e-type=\"widget\" data-widget_type=\"heading.default\">\n\t\t\t\t<div class=\"elementor-widget-container\">\n\t\t\t\t\t<h2 class=\"elementor-heading-title elementor-size-default\">Do que \u00e9 feita?<\/h2>\t\t\t\t<\/div>\n\t\t\t\t<\/div>\n\t\t\t\t<div class=\"elementor-element elementor-element-2fd4567 elementor-widget elementor-widget-text-editor\" data-id=\"2fd4567\" data-element_type=\"widget\" data-e-type=\"widget\" data-widget_type=\"text-editor.default\">\n\t\t\t\t<div class=\"elementor-widget-container\">\n\t\t\t\t\t\t\t\t\t<div class=\"vacina-conteudo-conteudo\"><p>A vacina quadrivalente \u00e9 uma vacina inativada, composta pelas prote\u00ednas L1 dos papilomav\u00edrus humano (HPV) tipos 6,11,16 e 18. Cont\u00e9m tamb\u00e9m sulfato de hidroxifosfato de alum\u00ednio, cloreto de s\u00f3dio, L-histidina, polissorbato 80, borato de s\u00f3dio e \u00e1gua para inje\u00e7\u00e3o.<\/p><\/div>\t\t\t\t\t\t\t\t<\/div>\n\t\t\t\t<\/div>\n\t\t\t\t\t<\/div>\n\t\t<\/div>\n\t\t\t\t\t<\/div>\n\t\t<\/section>\n\t\t\t\t<section class=\"elementor-section elementor-top-section elementor-element elementor-element-b02168d elementor-section-boxed elementor-section-height-default elementor-section-height-default\" data-id=\"b02168d\" data-element_type=\"section\" data-e-type=\"section\" data-settings=\"{&quot;_ha_eqh_enable&quot;:false}\">\n\t\t\t\t\t\t<div class=\"elementor-container elementor-column-gap-default\">\n\t\t\t\t\t<div class=\"elementor-column elementor-col-100 elementor-top-column elementor-element elementor-element-5c59df5\" data-id=\"5c59df5\" data-element_type=\"column\" data-e-type=\"column\">\n\t\t\t<div class=\"elementor-widget-wrap elementor-element-populated\">\n\t\t\t\t\t\t<div class=\"elementor-element elementor-element-4a5ba74 elementor-widget elementor-widget-heading\" data-id=\"4a5ba74\" data-element_type=\"widget\" data-e-type=\"widget\" data-widget_type=\"heading.default\">\n\t\t\t\t<div class=\"elementor-widget-container\">\n\t\t\t\t\t<h2 class=\"elementor-heading-title elementor-size-default\">Comparativo entre Vacinas<\/h2>\t\t\t\t<\/div>\n\t\t\t\t<\/div>\n\t\t\t\t<section class=\"elementor-section elementor-inner-section elementor-element elementor-element-ffa7fdd elementor-reverse-mobile elementor-section-boxed elementor-section-height-default elementor-section-height-default\" data-id=\"ffa7fdd\" data-element_type=\"section\" data-e-type=\"section\" data-settings=\"{&quot;background_background&quot;:&quot;gradient&quot;,&quot;_ha_eqh_enable&quot;:false}\">\n\t\t\t\t\t\t<div class=\"elementor-container elementor-column-gap-default\">\n\t\t\t\t\t<div class=\"elementor-column elementor-col-50 elementor-inner-column elementor-element elementor-element-8604806\" data-id=\"8604806\" data-element_type=\"column\" data-e-type=\"column\">\n\t\t\t<div class=\"elementor-widget-wrap elementor-element-populated\">\n\t\t\t\t\t\t<div class=\"elementor-element elementor-element-3d398e8 elementor-widget elementor-widget-heading\" data-id=\"3d398e8\" data-element_type=\"widget\" data-e-type=\"widget\" data-widget_type=\"heading.default\">\n\t\t\t\t<div class=\"elementor-widget-container\">\n\t\t\t\t\t<h2 class=\"elementor-heading-title elementor-size-default\">VACINA P\u00daBLICA<\/h2>\t\t\t\t<\/div>\n\t\t\t\t<\/div>\n\t\t\t\t<div class=\"elementor-element elementor-element-f20a729 elementor-widget elementor-widget-text-editor\" data-id=\"f20a729\" data-element_type=\"widget\" data-e-type=\"widget\" data-widget_type=\"text-editor.default\">\n\t\t\t\t<div class=\"elementor-widget-container\">\n\t\t\t\t\t\t\t\t\t<p>\u2981 Dispon\u00edvel apenas para algumas faixas et\u00e1rias ou para pessoas em condi\u00e7\u00f5es especiais;<\/p><p>\u2981 Apresenta\u00e7\u00e3o \u00e9 multidose (mais de uma dose por frasco), que cont\u00e9m timerosal (derivado do merc\u00fario) como conservante.<\/p>\t\t\t\t\t\t\t\t<\/div>\n\t\t\t\t<\/div>\n\t\t\t\t\t<\/div>\n\t\t<\/div>\n\t\t\t\t<div class=\"elementor-column elementor-col-50 elementor-inner-column elementor-element elementor-element-ebfd544\" data-id=\"ebfd544\" data-element_type=\"column\" data-e-type=\"column\">\n\t\t\t<div class=\"elementor-widget-wrap elementor-element-populated\">\n\t\t\t\t\t\t<div class=\"elementor-element elementor-element-0e70a82 elementor-widget elementor-widget-heading\" data-id=\"0e70a82\" data-element_type=\"widget\" data-e-type=\"widget\" data-widget_type=\"heading.default\">\n\t\t\t\t<div class=\"elementor-widget-container\">\n\t\t\t\t\t<h2 class=\"elementor-heading-title elementor-size-default\">VACINA  SUZANCLIN<\/h2>\t\t\t\t<\/div>\n\t\t\t\t<\/div>\n\t\t\t\t<div class=\"elementor-element elementor-element-aeaa7e9 elementor-widget elementor-widget-text-editor\" data-id=\"aeaa7e9\" data-element_type=\"widget\" data-e-type=\"widget\" data-widget_type=\"text-editor.default\">\n\t\t\t\t<div class=\"elementor-widget-container\">\n\t\t\t\t\t\t\t\t\t<p>\u2981 Dispon\u00edvel para todas as faixas et\u00e1rias;<\/p><p>\u2981 Apresenta\u00e7\u00e3o \u00e9 sempre em doses individuais<\/p>\t\t\t\t\t\t\t\t<\/div>\n\t\t\t\t<\/div>\n\t\t\t\t\t<\/div>\n\t\t<\/div>\n\t\t\t\t\t<\/div>\n\t\t<\/section>\n\t\t\t\t\t<\/div>\n\t\t<\/div>\n\t\t\t\t\t<\/div>\n\t\t<\/section>\n\t\t\t\t<\/div>\n\t\t","protected":false},"excerpt":{"rendered":"<p>Vacina HPV Quadrivalente Conhe\u00e7a todos os detalhes da Vacina HPV Quadrivalente: Vacina indicada para: Crian\u00e7as (0 a 10 anos) Adolescentes (11 a 19 anos) Adultos (20 a 59 anos) Indica\u00e7\u00f5es: A infec\u00e7\u00e3o causada pelo\u00a0HPV\u00a0pode ocorrer em mulheres sexualmente ativas em qualquer idade, por\u00e9m o pico de incid\u00eancia ocorre logo ap\u00f3s o in\u00edcio da vida sexual, &hellip;<\/p>\n<p class=\"read-more\"> <a class=\"\" href=\"https:\/\/suzanclinvacinas.com.br\/index.php\/hpv-quadrivalente\/\"> <span class=\"screen-reader-text\">HPV Quadrivalente<\/span> Leia mais &raquo;<\/a><\/p>\n","protected":false},"author":1,"featured_media":0,"parent":0,"menu_order":0,"comment_status":"closed","ping_status":"closed","template":"","meta":{"site-sidebar-layout":"no-sidebar","site-content-layout":"page-builder","ast-global-header-display":"","ast-main-header-display":"","ast-hfb-above-header-display":"","ast-hfb-below-header-display":"","ast-hfb-mobile-header-display":"","site-post-title":"disabled","ast-breadcrumbs-content":"","ast-featured-img":"disabled","footer-sml-layout":"","theme-transparent-header-meta":"","adv-header-id-meta":"","stick-header-meta":"","header-above-stick-meta":"","header-main-stick-meta":"","header-below-stick-meta":"","_joinchat":[],"footnotes":""},"class_list":["post-521","page","type-page","status-publish","hentry"],"_links":{"self":[{"href":"https:\/\/suzanclinvacinas.com.br\/index.php\/wp-json\/wp\/v2\/pages\/521","targetHints":{"allow":["GET"]}}],"collection":[{"href":"https:\/\/suzanclinvacinas.com.br\/index.php\/wp-json\/wp\/v2\/pages"}],"about":[{"href":"https:\/\/suzanclinvacinas.com.br\/index.php\/wp-json\/wp\/v2\/types\/page"}],"author":[{"embeddable":true,"href":"https:\/\/suzanclinvacinas.com.br\/index.php\/wp-json\/wp\/v2\/users\/1"}],"replies":[{"embeddable":true,"href":"https:\/\/suzanclinvacinas.com.br\/index.php\/wp-json\/wp\/v2\/comments?post=521"}],"version-history":[{"count":9,"href":"https:\/\/suzanclinvacinas.com.br\/index.php\/wp-json\/wp\/v2\/pages\/521\/revisions"}],"predecessor-version":[{"id":1824,"href":"https:\/\/suzanclinvacinas.com.br\/index.php\/wp-json\/wp\/v2\/pages\/521\/revisions\/1824"}],"wp:attachment":[{"href":"https:\/\/suzanclinvacinas.com.br\/index.php\/wp-json\/wp\/v2\/media?parent=521"}],"curies":[{"name":"wp","href":"https:\/\/api.w.org\/{rel}","templated":true}]}}