{"id":543,"date":"2022-06-06T00:09:08","date_gmt":"2022-06-06T00:09:08","guid":{"rendered":"https:\/\/suzanclinvacinas.com.br\/?page_id=543"},"modified":"2022-10-21T14:23:32","modified_gmt":"2022-10-21T14:23:32","slug":"meningococica-c","status":"publish","type":"page","link":"https:\/\/suzanclinvacinas.com.br\/index.php\/meningococica-c\/","title":{"rendered":"Meningoc\u00f3cica C"},"content":{"rendered":"\t\t<div data-elementor-type=\"wp-page\" data-elementor-id=\"543\" class=\"elementor elementor-543\" data-elementor-settings=\"{&quot;ha_cmc_init_switcher&quot;:&quot;no&quot;}\" data-elementor-post-type=\"page\">\n\t\t\t\t\t\t<section class=\"elementor-section elementor-top-section elementor-element elementor-element-b47b90a elementor-section-height-min-height elementor-section-boxed elementor-section-height-default elementor-section-items-middle\" data-id=\"b47b90a\" data-element_type=\"section\" data-e-type=\"section\" data-settings=\"{&quot;background_background&quot;:&quot;classic&quot;,&quot;_ha_eqh_enable&quot;:false}\">\n\t\t\t\t\t\t\t<div class=\"elementor-background-overlay\"><\/div>\n\t\t\t\t\t\t\t<div class=\"elementor-container elementor-column-gap-default\">\n\t\t\t\t\t<div class=\"elementor-column elementor-col-100 elementor-top-column elementor-element elementor-element-2a6962f\" data-id=\"2a6962f\" data-element_type=\"column\" data-e-type=\"column\">\n\t\t\t<div class=\"elementor-widget-wrap elementor-element-populated\">\n\t\t\t\t\t\t<div class=\"elementor-element elementor-element-50a0679 elementor-widget elementor-widget-heading\" data-id=\"50a0679\" data-element_type=\"widget\" data-e-type=\"widget\" data-widget_type=\"heading.default\">\n\t\t\t\t<div class=\"elementor-widget-container\">\n\t\t\t\t\t<h2 class=\"elementor-heading-title elementor-size-default\">Vacina Meningoc\u00f3cica C<\/h2>\t\t\t\t<\/div>\n\t\t\t\t<\/div>\n\t\t\t\t\t<\/div>\n\t\t<\/div>\n\t\t\t\t\t<\/div>\n\t\t<\/section>\n\t\t\t\t<section class=\"elementor-section elementor-top-section elementor-element elementor-element-b5a6b89 elementor-section-boxed elementor-section-height-default elementor-section-height-default\" data-id=\"b5a6b89\" data-element_type=\"section\" data-e-type=\"section\" data-settings=\"{&quot;_ha_eqh_enable&quot;:false}\">\n\t\t\t\t\t\t<div class=\"elementor-container elementor-column-gap-default\">\n\t\t\t\t\t<div class=\"elementor-column elementor-col-50 elementor-top-column elementor-element elementor-element-332d5b0\" data-id=\"332d5b0\" data-element_type=\"column\" data-e-type=\"column\">\n\t\t\t<div class=\"elementor-widget-wrap elementor-element-populated\">\n\t\t\t\t\t\t<div class=\"elementor-element elementor-element-489cf98 elementor-widget elementor-widget-heading\" data-id=\"489cf98\" data-element_type=\"widget\" data-e-type=\"widget\" data-widget_type=\"heading.default\">\n\t\t\t\t<div class=\"elementor-widget-container\">\n\t\t\t\t\t<h2 class=\"elementor-heading-title elementor-size-default\">Conhe\u00e7a todos os detalhes da Vacina Meningoc\u00f3cica C:<\/h2>\t\t\t\t<\/div>\n\t\t\t\t<\/div>\n\t\t\t\t\t<\/div>\n\t\t<\/div>\n\t\t\t\t<div class=\"elementor-column elementor-col-50 elementor-top-column elementor-element elementor-element-5c1a271\" data-id=\"5c1a271\" data-element_type=\"column\" data-e-type=\"column\">\n\t\t\t<div class=\"elementor-widget-wrap elementor-element-populated\">\n\t\t\t\t\t\t<div class=\"elementor-element elementor-element-6f5919a elementor-view-framed ha-advanced-tooltip-enable elementor-shape-circle ha-advanced-tooltip-top elementor-widget elementor-widget-icon\" data-id=\"6f5919a\" data-element_type=\"widget\" data-e-type=\"widget\" data-settings=\"{&quot;ha_advanced_tooltip_enable&quot;:&quot;enable&quot;,&quot;ha_advanced_tooltip_content&quot;:&quot;Bula da Vacina&quot;,&quot;ha_advanced_tooltip_position&quot;:&quot;top&quot;,&quot;ha_advanced_tooltip_duration&quot;:1000,&quot;ha_advanced_tooltip_arrow&quot;:&quot;true&quot;,&quot;ha_advanced_tooltip_trigger&quot;:&quot;hover&quot;}\" data-widget_type=\"icon.default\">\n\t\t\t\t<div class=\"elementor-widget-container\">\n\t\t\t\t\t\t\t<div class=\"elementor-icon-wrapper\">\n\t\t\t<a class=\"elementor-icon\" href=\"https:\/\/suzanclinvacinas.com.br\/wp-content\/uploads\/2022\/10\/Bula-Vacina-meningo-C.pdf\" target=\"_blank\">\n\t\t\t<i aria-hidden=\"true\" class=\"hm hm-file\"><\/i>\t\t\t<\/a>\n\t\t<\/div>\n\t\t\t\t\t\t<\/div>\n\t\t\t\t<\/div>\n\t\t\t\t\t<\/div>\n\t\t<\/div>\n\t\t\t\t\t<\/div>\n\t\t<\/section>\n\t\t\t\t<section class=\"elementor-section elementor-top-section elementor-element elementor-element-bfeeb31 elementor-section-boxed elementor-section-height-default elementor-section-height-default\" data-id=\"bfeeb31\" data-element_type=\"section\" data-e-type=\"section\" data-settings=\"{&quot;_ha_eqh_enable&quot;:false}\">\n\t\t\t\t\t\t<div class=\"elementor-container elementor-column-gap-default\">\n\t\t\t\t\t<div class=\"elementor-column elementor-col-100 elementor-top-column elementor-element elementor-element-37b32fd\" data-id=\"37b32fd\" data-element_type=\"column\" data-e-type=\"column\">\n\t\t\t<div class=\"elementor-widget-wrap elementor-element-populated\">\n\t\t\t\t\t\t<div class=\"elementor-element elementor-element-b7ce5b9 elementor-widget elementor-widget-heading\" data-id=\"b7ce5b9\" data-element_type=\"widget\" data-e-type=\"widget\" data-widget_type=\"heading.default\">\n\t\t\t\t<div class=\"elementor-widget-container\">\n\t\t\t\t\t<h2 class=\"elementor-heading-title elementor-size-default\">Vacina indicada para:<\/h2>\t\t\t\t<\/div>\n\t\t\t\t<\/div>\n\t\t\t\t<div data-ha-element-link=\"{&quot;url&quot;:&quot;https:\\\/\\\/suzanclinvacinas.com.br\\\/index.php\\\/vacinas-criancas\\\/&quot;,&quot;is_external&quot;:&quot;&quot;,&quot;nofollow&quot;:&quot;&quot;}\" style=\"cursor: pointer\" class=\"elementor-element elementor-element-d698ac7 elementor-widget__width-auto elementor-widget-mobile__width-inherit elementor-cta--skin-classic elementor-animated-content elementor-bg-transform elementor-bg-transform-zoom-in elementor-widget elementor-widget-call-to-action\" data-id=\"d698ac7\" data-element_type=\"widget\" data-e-type=\"widget\" data-widget_type=\"call-to-action.default\">\n\t\t\t\t<div class=\"elementor-widget-container\">\n\t\t\t\t\t\t\t<div class=\"elementor-cta\">\n\t\t\t\t\t<div class=\"elementor-cta__bg-wrapper\">\n\t\t\t\t<div class=\"elementor-cta__bg elementor-bg\" style=\"background-image: url(https:\/\/suzanclinvacinas.com.br\/wp-content\/uploads\/2022\/10\/portrait-of-a-smiling-little-boy-showing-thumbs-up-scaled.jpg);\" role=\"img\" aria-label=\"Portrait of a smiling little boy showing thumbs up isolated over orange background\"><\/div>\n\t\t\t\t<div class=\"elementor-cta__bg-overlay\"><\/div>\n\t\t\t<\/div>\n\t\t\t\t\t\t\t<div class=\"elementor-cta__content\">\n\t\t\t\t\n\t\t\t\t<h2 class=\"elementor-cta__title elementor-cta__content-item elementor-content-item\">Crian\u00e7as<\/h2>\n\t\t\t\t\t\t\t\t\t<div class=\"elementor-cta__description elementor-cta__content-item elementor-content-item\">\n\t\t\t\t\t\t(0 a 10 anos)\t\t\t\t\t<\/div>\n\t\t\t\t\n\t\t\t\t\t\t\t<\/div>\n\t\t\t\t\t\t<\/div>\n\t\t\t\t\t\t<\/div>\n\t\t\t\t<\/div>\n\t\t\t\t<div data-ha-element-link=\"{&quot;url&quot;:&quot;https:\\\/\\\/suzanclinvacinas.com.br\\\/index.php\\\/vacinas-adolescentes\\\/&quot;,&quot;is_external&quot;:&quot;&quot;,&quot;nofollow&quot;:&quot;&quot;}\" style=\"cursor: pointer\" class=\"elementor-element elementor-element-eda91b2 elementor-cta--valign-middle elementor-widget__width-auto elementor-widget-mobile__width-inherit elementor-cta--skin-classic elementor-animated-content elementor-bg-transform elementor-bg-transform-zoom-in elementor-widget elementor-widget-call-to-action\" data-id=\"eda91b2\" data-element_type=\"widget\" data-e-type=\"widget\" data-widget_type=\"call-to-action.default\">\n\t\t\t\t<div class=\"elementor-widget-container\">\n\t\t\t\t\t\t\t<div class=\"elementor-cta\">\n\t\t\t\t\t<div class=\"elementor-cta__bg-wrapper\">\n\t\t\t\t<div class=\"elementor-cta__bg elementor-bg\" style=\"background-image: url(https:\/\/suzanclinvacinas.com.br\/wp-content\/uploads\/2022\/10\/young-pretty-female-standing-isolated-over-purple-space-and-smiling-nicely-while-chatting-with-friends-scaled.jpg);\" role=\"img\" aria-label=\"Young pretty female standing isolated over purple background, looking at camera and smiling nicely while chatting with friends, lady with knot and headband.\"><\/div>\n\t\t\t\t<div class=\"elementor-cta__bg-overlay\"><\/div>\n\t\t\t<\/div>\n\t\t\t\t\t\t\t<div class=\"elementor-cta__content\">\n\t\t\t\t\n\t\t\t\t<h2 class=\"elementor-cta__title elementor-cta__content-item elementor-content-item\">Adolescentes<\/h2>\n\t\t\t\t\t\t\t\t\t<div class=\"elementor-cta__description elementor-cta__content-item elementor-content-item\">\n\t\t\t\t\t\t(11 a 19 anos)\t\t\t\t\t<\/div>\n\t\t\t\t\n\t\t\t\t\t\t\t<\/div>\n\t\t\t\t\t\t<\/div>\n\t\t\t\t\t\t<\/div>\n\t\t\t\t<\/div>\n\t\t\t\t<div data-ha-element-link=\"{&quot;url&quot;:&quot;https:\\\/\\\/suzanclinvacinas.com.br\\\/index.php\\\/vacinas-adultos\\\/&quot;,&quot;is_external&quot;:&quot;&quot;,&quot;nofollow&quot;:&quot;&quot;}\" style=\"cursor: pointer\" class=\"elementor-element elementor-element-9ba336a elementor-cta--valign-middle elementor-widget__width-auto elementor-widget-mobile__width-inherit elementor-cta--skin-classic elementor-animated-content elementor-bg-transform elementor-bg-transform-zoom-in elementor-widget elementor-widget-call-to-action\" data-id=\"9ba336a\" data-element_type=\"widget\" data-e-type=\"widget\" data-widget_type=\"call-to-action.default\">\n\t\t\t\t<div class=\"elementor-widget-container\">\n\t\t\t\t\t\t\t<div class=\"elementor-cta\">\n\t\t\t\t\t<div class=\"elementor-cta__bg-wrapper\">\n\t\t\t\t<div class=\"elementor-cta__bg elementor-bg\" style=\"background-image: url(https:\/\/suzanclinvacinas.com.br\/wp-content\/uploads\/2022\/10\/close-up-of-young-successful-man-smiling-at-camera-standing-in-casual-outfit-against-blue-background-scaled.jpg);\" role=\"img\" aria-label=\"Close-up of young successful man smiling at camera, standing in casual outfit against blue background.\"><\/div>\n\t\t\t\t<div class=\"elementor-cta__bg-overlay\"><\/div>\n\t\t\t<\/div>\n\t\t\t\t\t\t\t<div class=\"elementor-cta__content\">\n\t\t\t\t\n\t\t\t\t<h2 class=\"elementor-cta__title elementor-cta__content-item elementor-content-item\">Adultos<\/h2>\n\t\t\t\t\t\t\t\t\t<div class=\"elementor-cta__description elementor-cta__content-item elementor-content-item\">\n\t\t\t\t\t\t(20 a 59 anos)\t\t\t\t\t<\/div>\n\t\t\t\t\n\t\t\t\t\t\t\t<\/div>\n\t\t\t\t\t\t<\/div>\n\t\t\t\t\t\t<\/div>\n\t\t\t\t<\/div>\n\t\t\t\t\t<\/div>\n\t\t<\/div>\n\t\t\t\t\t<\/div>\n\t\t<\/section>\n\t\t\t\t<section class=\"elementor-section elementor-top-section elementor-element elementor-element-9501f32 elementor-section-boxed elementor-section-height-default elementor-section-height-default\" data-id=\"9501f32\" data-element_type=\"section\" data-e-type=\"section\" data-settings=\"{&quot;_ha_eqh_enable&quot;:false}\">\n\t\t\t\t\t\t<div class=\"elementor-container elementor-column-gap-default\">\n\t\t\t\t\t<div class=\"elementor-column elementor-col-100 elementor-top-column elementor-element elementor-element-6350c8f\" data-id=\"6350c8f\" data-element_type=\"column\" data-e-type=\"column\">\n\t\t\t<div class=\"elementor-widget-wrap elementor-element-populated\">\n\t\t\t\t\t\t<div class=\"elementor-element elementor-element-1b075fd ha-has-bg-overlay elementor-widget elementor-widget-heading\" data-id=\"1b075fd\" data-element_type=\"widget\" data-e-type=\"widget\" data-widget_type=\"heading.default\">\n\t\t\t\t<div class=\"elementor-widget-container\">\n\t\t\t\t\t<h2 class=\"elementor-heading-title elementor-size-default\">Indica\u00e7\u00f5es:<\/h2>\t\t\t\t<\/div>\n\t\t\t\t<\/div>\n\t\t\t\t<div class=\"elementor-element elementor-element-f40df91 elementor-widget elementor-widget-text-editor\" data-id=\"f40df91\" data-element_type=\"widget\" data-e-type=\"widget\" data-widget_type=\"text-editor.default\">\n\t\t\t\t<div class=\"elementor-widget-container\">\n\t\t\t\t\t\t\t\t\t<p>A vacina \u00e9 indicada para crian\u00e7as a partir de 2 meses, adolescentes e adultos.<\/p><p>\u00c9 recomendada tamb\u00e9m para\u00a0viajantes com destino \u00e0s regi\u00f5es onde h\u00e1 risco aumentado da doen\u00e7a.<\/p>\t\t\t\t\t\t\t\t<\/div>\n\t\t\t\t<\/div>\n\t\t\t\t<div class=\"elementor-element elementor-element-18e57de ha-has-bg-overlay elementor-widget elementor-widget-heading\" data-id=\"18e57de\" data-element_type=\"widget\" data-e-type=\"widget\" data-widget_type=\"heading.default\">\n\t\t\t\t<div class=\"elementor-widget-container\">\n\t\t\t\t\t<h2 class=\"elementor-heading-title elementor-size-default\">Doses:<\/h2>\t\t\t\t<\/div>\n\t\t\t\t<\/div>\n\t\t\t\t<div class=\"elementor-element elementor-element-9677c2f elementor-widget elementor-widget-text-editor\" data-id=\"9677c2f\" data-element_type=\"widget\" data-e-type=\"widget\" data-widget_type=\"text-editor.default\">\n\t\t\t\t<div class=\"elementor-widget-container\">\n\t\t\t\t\t\t\t\t\t<div class=\"vacina-conteudo-conteudo\"><p>Para\u00a0<b>crian\u00e7as<\/b>, a vacina\u00e7\u00e3o de rotina deve ser iniciada aos 3 meses de idade, com duas doses no primeiro ano de vida e refor\u00e7os entre 12 e 15 meses, entre 5 e 6 anos e aos 11 anos de idade.<\/p><p>Para\u00a0<b>adolescentes<\/b>, uma dose da vacina meningoc\u00f3cica ACWY \u00e9 oferecida entre os 11 e 12 anos (como refor\u00e7o ou dose \u00fanica, a depender da situa\u00e7\u00e3o vacinal).<\/p><p>Para\u00a0<b>adultos<\/b>, a vacina \u00e9 indicada no SUS somente em situa\u00e7\u00f5es que justifiquem risco aumentado da doen\u00e7a.<\/p><\/div>\t\t\t\t\t\t\t\t<\/div>\n\t\t\t\t<\/div>\n\t\t\t\t<div class=\"elementor-element elementor-element-2803c14 ha-has-bg-overlay elementor-widget elementor-widget-heading\" data-id=\"2803c14\" data-element_type=\"widget\" data-e-type=\"widget\" data-widget_type=\"heading.default\">\n\t\t\t\t<div class=\"elementor-widget-container\">\n\t\t\t\t\t<h2 class=\"elementor-heading-title elementor-size-default\">Contraindica\u00e7\u00f5es:<\/h2>\t\t\t\t<\/div>\n\t\t\t\t<\/div>\n\t\t\t\t<div class=\"elementor-element elementor-element-4d704fe elementor-widget elementor-widget-text-editor\" data-id=\"4d704fe\" data-element_type=\"widget\" data-e-type=\"widget\" data-widget_type=\"text-editor.default\">\n\t\t\t\t<div class=\"elementor-widget-container\">\n\t\t\t\t\t\t\t\t\t<p>Trata-se de uma vacina muito segura que s\u00f3 \u00e9 contraindicada para indiv\u00edduos que apresentaram rea\u00e7\u00f5es al\u00e9rgicas a qualquer componente da vacina. Recomenda-se adiar a vacina\u00e7\u00e3o em pessoas que estejam com febre no dia da aplica\u00e7\u00e3o.<\/p>\t\t\t\t\t\t\t\t<\/div>\n\t\t\t\t<\/div>\n\t\t\t\t<div class=\"elementor-element elementor-element-8443dfc ha-has-bg-overlay elementor-widget elementor-widget-heading\" data-id=\"8443dfc\" data-element_type=\"widget\" data-e-type=\"widget\" data-widget_type=\"heading.default\">\n\t\t\t\t<div class=\"elementor-widget-container\">\n\t\t\t\t\t<h2 class=\"elementor-heading-title elementor-size-default\">Rea\u00e7\u00f5es Adversas:<\/h2>\t\t\t\t<\/div>\n\t\t\t\t<\/div>\n\t\t\t\t<div class=\"elementor-element elementor-element-7ddc845 elementor-widget elementor-widget-text-editor\" data-id=\"7ddc845\" data-element_type=\"widget\" data-e-type=\"widget\" data-widget_type=\"text-editor.default\">\n\t\t\t\t<div class=\"elementor-widget-container\">\n\t\t\t\t\t\t\t\t\t<p><b>Rea\u00e7\u00f5es comuns:<\/b>\u00a0 vermelhid\u00e3o, incha\u00e7o, dor ou sensibilidade no local da aplica\u00e7\u00e3o; dor de cabe\u00e7a. Em crian\u00e7as pode ocorrer v\u00f4mitos, diarreia, inapet\u00eancia, sonol\u00eancia e agita\u00e7\u00e3o.<\/p><p><b>Rea\u00e7\u00f5es incomuns:<\/b>\u00a0febre maior ou igual a 38\u00b0C, irritabilidade, choro intenso (em crian\u00e7as com menos de 2 anos) e dores musculares.<\/p><p><b>Rea\u00e7\u00f5es raras:<\/b>\u00a0aumento de g\u00e2nglios, n\u00f3dulo no local da aplica\u00e7\u00e3o, rea\u00e7\u00e3o al\u00e9rgica grave (chiados, incha\u00e7o facial, queda da press\u00e3o, dificuldade de respira\u00e7\u00e3o), tontura, convuls\u00f5es, enjoo, dor na barriga, manchas na pele, altera\u00e7\u00f5es renais, dermatite com forma\u00e7\u00e3o de bolhas na pele, urtic\u00e1ria.<\/p>\t\t\t\t\t\t\t\t<\/div>\n\t\t\t\t<\/div>\n\t\t\t\t<div class=\"elementor-element elementor-element-5056a15 ha-has-bg-overlay elementor-widget elementor-widget-heading\" data-id=\"5056a15\" data-element_type=\"widget\" data-e-type=\"widget\" data-widget_type=\"heading.default\">\n\t\t\t\t<div class=\"elementor-widget-container\">\n\t\t\t\t\t<h2 class=\"elementor-heading-title elementor-size-default\">Do que \u00e9 feita?<\/h2>\t\t\t\t<\/div>\n\t\t\t\t<\/div>\n\t\t\t\t<div class=\"elementor-element elementor-element-e7a3199 elementor-widget elementor-widget-text-editor\" data-id=\"e7a3199\" data-element_type=\"widget\" data-e-type=\"widget\" data-widget_type=\"text-editor.default\">\n\t\t\t\t<div class=\"elementor-widget-container\">\n\t\t\t\t\t\t\t\t\t<div class=\"vacina-conteudo-conteudo\"><p>A Vacina Meningoc\u00f3cica C \u00e9 composta por polissacar\u00eddeos capsulares do meningococo C conjugados \u00e0 toxina dift\u00e9rica modificada ou ao toxoide tet\u00e2nico. Cont\u00e9m tamb\u00e9m alum\u00ednio.<\/p><\/div>\t\t\t\t\t\t\t\t<\/div>\n\t\t\t\t<\/div>\n\t\t\t\t\t<\/div>\n\t\t<\/div>\n\t\t\t\t\t<\/div>\n\t\t<\/section>\n\t\t\t\t<\/div>\n\t\t","protected":false},"excerpt":{"rendered":"<p>Vacina Meningoc\u00f3cica C Conhe\u00e7a todos os detalhes da Vacina Meningoc\u00f3cica C: Vacina indicada para: Crian\u00e7as (0 a 10 anos) Adolescentes (11 a 19 anos) Adultos (20 a 59 anos) Indica\u00e7\u00f5es: A vacina \u00e9 indicada para crian\u00e7as a partir de 2 meses, adolescentes e adultos. \u00c9 recomendada tamb\u00e9m para\u00a0viajantes com destino \u00e0s regi\u00f5es onde h\u00e1 risco &hellip;<\/p>\n<p class=\"read-more\"> <a class=\"\" href=\"https:\/\/suzanclinvacinas.com.br\/index.php\/meningococica-c\/\"> <span class=\"screen-reader-text\">Meningoc\u00f3cica C<\/span> Leia mais &raquo;<\/a><\/p>\n","protected":false},"author":1,"featured_media":0,"parent":0,"menu_order":0,"comment_status":"closed","ping_status":"closed","template":"","meta":{"site-sidebar-layout":"no-sidebar","site-content-layout":"page-builder","ast-global-header-display":"","ast-main-header-display":"","ast-hfb-above-header-display":"","ast-hfb-below-header-display":"","ast-hfb-mobile-header-display":"","site-post-title":"disabled","ast-breadcrumbs-content":"","ast-featured-img":"disabled","footer-sml-layout":"","theme-transparent-header-meta":"","adv-header-id-meta":"","stick-header-meta":"","header-above-stick-meta":"","header-main-stick-meta":"","header-below-stick-meta":"","_joinchat":[],"footnotes":""},"class_list":["post-543","page","type-page","status-publish","hentry"],"_links":{"self":[{"href":"https:\/\/suzanclinvacinas.com.br\/index.php\/wp-json\/wp\/v2\/pages\/543","targetHints":{"allow":["GET"]}}],"collection":[{"href":"https:\/\/suzanclinvacinas.com.br\/index.php\/wp-json\/wp\/v2\/pages"}],"about":[{"href":"https:\/\/suzanclinvacinas.com.br\/index.php\/wp-json\/wp\/v2\/types\/page"}],"author":[{"embeddable":true,"href":"https:\/\/suzanclinvacinas.com.br\/index.php\/wp-json\/wp\/v2\/users\/1"}],"replies":[{"embeddable":true,"href":"https:\/\/suzanclinvacinas.com.br\/index.php\/wp-json\/wp\/v2\/comments?post=543"}],"version-history":[{"count":9,"href":"https:\/\/suzanclinvacinas.com.br\/index.php\/wp-json\/wp\/v2\/pages\/543\/revisions"}],"predecessor-version":[{"id":1834,"href":"https:\/\/suzanclinvacinas.com.br\/index.php\/wp-json\/wp\/v2\/pages\/543\/revisions\/1834"}],"wp:attachment":[{"href":"https:\/\/suzanclinvacinas.com.br\/index.php\/wp-json\/wp\/v2\/media?parent=543"}],"curies":[{"name":"wp","href":"https:\/\/api.w.org\/{rel}","templated":true}]}}